{"id":410,"date":"2025-12-30T18:29:25","date_gmt":"2025-12-30T18:29:25","guid":{"rendered":"https:\/\/actoresfrancofonos.com\/?page_id=410"},"modified":"2025-12-30T18:30:48","modified_gmt":"2025-12-30T18:30:48","slug":"politica-de-cookies","status":"publish","type":"page","link":"https:\/\/actoresfrancofonos.com\/ca\/politica-de-cookies\/","title":{"rendered":"Pol\u00edtica de Cookies"},"content":{"rendered":"<div data-elementor-type=\"wp-page\" data-elementor-id=\"410\" class=\"elementor elementor-410\" data-elementor-post-type=\"page\">\n\t\t\t\t\t\t\t<div class=\"elementor-element elementor-element-346fd7e e-flex e-con-boxed e-con e-parent\" data-id=\"346fd7e\" data-element_type=\"container\" data-settings=\"{&quot;container_type&quot;:&quot;flex&quot;,&quot;content_width&quot;:&quot;boxed&quot;}\" data-core-v316-plus=\"true\">\n\t\t\t\t\t<div class=\"e-con-inner\">\n\t\t\t\t<div class=\"elementor-element elementor-element-0696bba elementor-widget elementor-widget-text-editor\" data-id=\"0696bba\" data-element_type=\"widget\" data-widget_type=\"text-editor.default\">\n\t\t\t\t<div class=\"elementor-widget-container\">\n\t\t\t<style>\/*! elementor - v3.17.0 - 08-11-2023 *\/\n.elementor-widget-text-editor.elementor-drop-cap-view-stacked .elementor-drop-cap{background-color:#69727d;color:#fff}.elementor-widget-text-editor.elementor-drop-cap-view-framed .elementor-drop-cap{color:#69727d;border:3px solid;background-color:transparent}.elementor-widget-text-editor:not(.elementor-drop-cap-view-default) .elementor-drop-cap{margin-top:8px}.elementor-widget-text-editor:not(.elementor-drop-cap-view-default) .elementor-drop-cap-letter{width:1em;height:1em}.elementor-widget-text-editor .elementor-drop-cap{float:left;text-align:center;line-height:1;font-size:50px}.elementor-widget-text-editor .elementor-drop-cap-letter{display:inline-block}<\/style>\t\t\t\t<h2 data-start=\"349\" data-end=\"371\">Pol\u00edtica de Cookies<\/h2><p data-start=\"373\" data-end=\"561\">A <strong data-start=\"376\" data-end=\"402\">actoresfrancofons.com<\/strong> utilitzem cookies amb l&#039;objectiu de millorar l&#039;experi\u00e8ncia de navegaci\u00f3 de l&#039;usuari, analitzar l&#039;\u00fas del lloc web i garantir-ne el funcionament correcte.<\/p><p data-start=\"563\" data-end=\"727\">En accedir a aquest lloc web, l&#039;usuari pot acceptar, rebutjar o configurar l&#039;\u00fas de galetes a trav\u00e9s del b\u00e0ner o panell de configuraci\u00f3 habilitat a aquest efecte.<\/p><h3 data-start=\"729\" data-end=\"757\">1. Qu\u00e8 s\u00f3n les galetes?<\/h3><p data-start=\"759\" data-end=\"1172\">Les cookies s\u00f3n petits fitxers de text que es descarreguen al dispositiu de l&#039;usuari (ordinador, smartphone, tablet, etc.) quan visita una p\u00e0gina web. Permeten, entre altres coses, emmagatzemar i recuperar informaci\u00f3 sobre els h\u00e0bits de navegaci\u00f3 d&#039;un usuari o del seu equip i, depenent de la informaci\u00f3 que continguin i de la manera com utilitzi el seu equip, es poden utilitzar per recon\u00e8ixer l&#039;usuari.<\/p><h3 data-start=\"1174\" data-end=\"1226\">2. Tipus de cookies utilitzades en aquest lloc web<\/h3><p data-start=\"1228\" data-end=\"1290\">Aquest lloc web pot utilitzar els seg\u00fcents tipus de cookies:<\/p><h4 data-start=\"1292\" data-end=\"1331\">a) Galetes t\u00e8cniques o necess\u00e0ries<\/h4><p data-start=\"1332\" data-end=\"1601\">S\u00f3n aquelles imprescindibles per al funcionament correcte del lloc web i per permetre a l&#039;usuari la navegaci\u00f3 a trav\u00e9s del mateix i la utilitzaci\u00f3 de les diferents opcions o serveis que hi existeixen.<br data-start=\"1541\" data-end=\"1544\" \/>Aquestes galetes no requereixen el consentiment de l&#039;usuari.<\/p><h4 data-start=\"1603\" data-end=\"1643\">b) Galetes d&#039;an\u00e0lisi o mesura<\/h4><p data-start=\"1644\" data-end=\"1894\">Permeten quantificar el nombre d&#039;usuaris i realitzar el mesurament i l&#039;an\u00e0lisi estad\u00edstica de la utilitzaci\u00f3 que fan els usuaris del lloc web.<br data-start=\"1788\" data-end=\"1791\" \/>La informaci\u00f3 recollida sutilitza per millorar el funcionament del lloc i els continguts oferts.<\/p><p data-start=\"1896\" data-end=\"1972\">Exemple: Google Analytics o altres eines semblants (si estan actives).<\/p><h4 data-start=\"1974\" data-end=\"2022\">c) Cookies de personalitzaci\u00f3 (si s&#039;aplica)<\/h4><p data-start=\"2023\" data-end=\"2221\">Permeten recordar informaci\u00f3 perqu\u00e8 l&#039;usuari accedeixi al servei amb caracter\u00edstiques determinades que poden diferenciar la seva experi\u00e8ncia (idioma, tipus de navegador, configuraci\u00f3 regional, etc.).<\/p><h3 data-start=\"2223\" data-end=\"2249\">3. Cookies de tercers<\/h3><p data-start=\"2251\" data-end=\"2454\">Aquest lloc web pot utilitzar serveis de tercers que recopilin informaci\u00f3 amb finalitats estad\u00edstiques, d\u00fas del lloc o per a la prestaci\u00f3 daltres serveis relacionats amb lactivitat del lloc web.<\/p><p data-start=\"2456\" data-end=\"2530\">En particular, aquest lloc web pot utilitzar serveis proporcionats per:<\/p><ul data-start=\"2532\" data-end=\"2591\"><li data-start=\"2532\" data-end=\"2591\"><p data-start=\"2534\" data-end=\"2591\">Google LLC (serveis d&#039;anal\u00edtica web, si hi s\u00f3n actius)<\/p><\/li><\/ul><p data-start=\"2593\" data-end=\"2710\">Aquests tercers poden emmagatzemar galetes al dispositiu de l&#039;usuari d&#039;acord amb les seves pr\u00f2pies pol\u00edtiques de privadesa.<\/p><h3 data-start=\"2712\" data-end=\"2753\">4. Gesti\u00f3 i configuraci\u00f3 de cookies<\/h3><p data-start=\"2755\" data-end=\"2909\">L&#039;usuari pot permetre, bloquejar o eliminar les galetes instal\u00b7lades al dispositiu mitjan\u00e7ant la configuraci\u00f3 de les opcions del navegador utilitzat.<\/p><p data-start=\"2911\" data-end=\"3006\">A continuaci\u00f3 s&#039;indiquen enlla\u00e7os a la configuraci\u00f3 de cookies dels principals navegadors:<\/p><ul data-start=\"3008\" data-end=\"3075\"><li data-start=\"3008\" data-end=\"3025\"><p data-start=\"3010\" data-end=\"3025\">Google Chrome<\/p><\/li><li data-start=\"3026\" data-end=\"3045\"><p data-start=\"3028\" data-end=\"3045\">Mozilla Firefox<\/p><\/li><li data-start=\"3046\" data-end=\"3056\"><p data-start=\"3048\" data-end=\"3056\">Safari<\/p><\/li><li data-start=\"3057\" data-end=\"3075\"><p data-start=\"3059\" data-end=\"3075\">Microsoft Edge<\/p><\/li><\/ul><p data-start=\"3077\" data-end=\"3195\">La desactivaci\u00f3 de cookies pot afectar el funcionament correcte del lloc web o algunes de les seves funcionalitats.<\/p><h3 data-start=\"3197\" data-end=\"3240\">5. Acceptaci\u00f3 de la Pol\u00edtica de Cookies<\/h3><p data-start=\"3242\" data-end=\"3455\">En accedir a aquest lloc web per primera vegada, l&#039;usuari veur\u00e0 un av\u00eds o banner informatiu sobre l&#039;\u00fas de galetes.<br data-start=\"3357\" data-end=\"3360\" \/>L&#039;usuari pot acceptar totes les galetes, rebutjar-les o configurar-les segons les prefer\u00e8ncies.<\/p><p data-start=\"3457\" data-end=\"3649\">El consentiment atorgat pot ser retirat en qualsevol moment modificant la configuraci\u00f3 de galetes del navegador o mitjan\u00e7ant el panell de configuraci\u00f3 del lloc web, si est\u00e0 disponible.<\/p><h3 data-start=\"3651\" data-end=\"3699\">6. Actualitzacions de la Pol\u00edtica de Cookies<\/h3><p data-start=\"3701\" data-end=\"3916\">Aquesta Pol\u00edtica de Cookies pot ser actualitzada en funci\u00f3 de canvis legislatius o de modificacions en l&#039;\u00fas de cookies al lloc web.<br data-start=\"3847\" data-end=\"3850\" \/>Es recomana a lusuari revisar aquesta pol\u00edtica de forma peri\u00f2dica.<\/p><hr data-start=\"3918\" data-end=\"3921\" \/><h3 data-start=\"3923\" data-end=\"3962\">Dades del responsable del lloc web<\/h3><p data-start=\"3964\" data-end=\"4173\"><strong data-start=\"3964\" data-end=\"3976\">Titular:<\/strong> Associaci\u00f3 d&#039;Actors Franc\u00f2fons a Espanya (AAFE)<br data-start=\"4027\" data-end=\"4030\" \/><strong data-start=\"4030\" data-end=\"4038\">NIF:<\/strong> G21756614<br data-start=\"4048\" data-end=\"4051\" \/><strong data-start=\"4051\" data-end=\"4074\">Correu electr\u00f2nic:<\/strong> <a class=\"decorated-link cursor-pointer\" rel=\"noopener\" data-start=\"4075\" data-end=\"4097\">act.fran.esp@gmail.com<\/a><br data-start=\"4097\" data-end=\"4100\" \/><strong data-start=\"4100\" data-end=\"4114\">Adre\u00e7a:<\/strong> Carrer del doctor Bov\u00e9 108, Entres\u00f2l 3a, 08032 Barcelona<\/p>\t\t\t\t\t\t<\/div>\n\t\t\t\t<\/div>\n\t\t\t\t\t<\/div>\n\t\t\t\t<\/div>\n\t\t\t\t\t\t\t<\/div>","protected":false},"excerpt":{"rendered":"<p>Pol\u00edtica de Cookies A actoresfrancofonos.com utilitzem cookies amb l&#039;objectiu de millorar l&#039;experi\u00e8ncia de navegaci\u00f3 de l&#039;usuari, analitzar l&#039;\u00fas del lloc web i garantir-ne el funcionament correcte. En accedir a aquest lloc web, l&#039;usuari pot acceptar, rebutjar o configurar l&#039;\u00fas de galetes a trav\u00e9s del b\u00e0ner o panell de configuraci\u00f3 habilitat [\u2026]<\/p>","protected":false},"author":1,"featured_media":0,"parent":0,"menu_order":0,"comment_status":"closed","ping_status":"closed","template":"","meta":{"footnotes":""},"class_list":["post-410","page","type-page","status-publish","hentry"],"_links":{"self":[{"href":"https:\/\/actoresfrancofonos.com\/ca\/wp-json\/wp\/v2\/pages\/410","targetHints":{"allow":["GET"]}}],"collection":[{"href":"https:\/\/actoresfrancofonos.com\/ca\/wp-json\/wp\/v2\/pages"}],"about":[{"href":"https:\/\/actoresfrancofonos.com\/ca\/wp-json\/wp\/v2\/types\/page"}],"author":[{"embeddable":true,"href":"https:\/\/actoresfrancofonos.com\/ca\/wp-json\/wp\/v2\/users\/1"}],"replies":[{"embeddable":true,"href":"https:\/\/actoresfrancofonos.com\/ca\/wp-json\/wp\/v2\/comments?post=410"}],"version-history":[{"count":5,"href":"https:\/\/actoresfrancofonos.com\/ca\/wp-json\/wp\/v2\/pages\/410\/revisions"}],"predecessor-version":[{"id":417,"href":"https:\/\/actoresfrancofonos.com\/ca\/wp-json\/wp\/v2\/pages\/410\/revisions\/417"}],"wp:attachment":[{"href":"https:\/\/actoresfrancofonos.com\/ca\/wp-json\/wp\/v2\/media?parent=410"}],"curies":[{"name":"wp","href":"https:\/\/api.w.org\/{rel}","templated":true}]}}