{"id":58,"date":"2025-12-29T17:02:22","date_gmt":"2025-12-29T17:02:22","guid":{"rendered":"https:\/\/actoresfrancofonos.com\/?page_id=58"},"modified":"2026-01-19T12:09:40","modified_gmt":"2026-01-19T12:09:40","slug":"com-funciona","status":"publish","type":"page","link":"https:\/\/actoresfrancofonos.com\/ca\/com-funciona\/","title":{"rendered":"Com funciona"},"content":{"rendered":"<div data-elementor-type=\"wp-page\" data-elementor-id=\"58\" class=\"elementor elementor-58\" data-elementor-post-type=\"page\">\n\t\t\t\t\t\t\t<div class=\"elementor-element elementor-element-38262e2 e-con-full e-flex e-con e-parent\" data-id=\"38262e2\" data-element_type=\"container\" data-settings=\"{&quot;content_width&quot;:&quot;full&quot;,&quot;container_type&quot;:&quot;flex&quot;}\" data-core-v316-plus=\"true\">\n\t\t<div class=\"elementor-element elementor-element-ef1d1de e-con-full e-flex e-con e-child\" data-id=\"ef1d1de\" data-element_type=\"container\" data-settings=\"{&quot;content_width&quot;:&quot;full&quot;,&quot;container_type&quot;:&quot;flex&quot;}\">\n\t\t\t\t<div class=\"elementor-element elementor-element-617e576 elementor-widget elementor-widget-heading\" data-id=\"617e576\" data-element_type=\"widget\" data-widget_type=\"heading.default\">\n\t\t\t\t<div class=\"elementor-widget-container\">\n\t\t\t<style>\/*! elementor - v3.17.0 - 08-11-2023 *\/\n.elementor-heading-title{padding:0;margin:0;line-height:1}.elementor-widget-heading .elementor-heading-title[class*=elementor-size-]>a{color:inherit;font-size:inherit;line-height:inherit}.elementor-widget-heading .elementor-heading-title.elementor-size-small{font-size:15px}.elementor-widget-heading .elementor-heading-title.elementor-size-medium{font-size:19px}.elementor-widget-heading .elementor-heading-title.elementor-size-large{font-size:29px}.elementor-widget-heading .elementor-heading-title.elementor-size-xl{font-size:39px}.elementor-widget-heading .elementor-heading-title.elementor-size-xxl{font-size:59px}<\/style><h2 class=\"elementor-heading-title elementor-size-default\">Com funciona:<\/h2>\t\t<\/div>\n\t\t\t\t<\/div>\n\t\t\t\t<div class=\"elementor-element elementor-element-dd0812a elementor-widget elementor-widget-n-accordion\" data-id=\"dd0812a\" data-element_type=\"widget\" data-settings=\"{&quot;default_state&quot;:&quot;expanded&quot;,&quot;max_items_expended&quot;:&quot;one&quot;,&quot;n_accordion_animation_duration&quot;:{&quot;unit&quot;:&quot;ms&quot;,&quot;size&quot;:400,&quot;sizes&quot;:[]}}\" data-widget_type=\"nested-accordion.default\">\n\t\t\t\t<div class=\"elementor-widget-container\">\n\t\t\t\t\t<div class=\"e-n-accordion\" aria-label=\"Accordion. Open links with Enter or Space, close with Escape, and navigate with Arrow Keys\">\n\t\t\t\t\t\t<details id=\"e-n-accordion-item-2310\" class=\"e-n-accordion-item\" open>\n\t\t\t\t<summary class=\"e-n-accordion-item-title\" role=\"button\" data-accordion-index=\"1\" tabindex=\"0\" aria-expanded=\"true\" aria-controls=\"e-n-accordion-item-2310\" >\n\t\t\t\t\t<span class='e-n-accordion-item-title-header'><div class=\"e-n-accordion-item-title-text\"> Com funciona? <\/div><\/span>\n\t\t\t\t\t\t\t<span class='e-n-accordion-item-title-icon'>\n\t\t\t<span class='e-opened' ><i aria-hidden=\"true\" class=\"fas fa-minus\"><\/i><\/span>\n\t\t\t<span class='e-closed'><i aria-hidden=\"true\" class=\"fas fa-plus\"><\/i><\/span>\n\t\t<\/span>\n\n\t\t\t\t\t\t<\/summary>\n\t\t\t\t<div role=\"region\" aria-labelledby=\"e-n-accordion-item-2310\" class=\"elementor-element elementor-element-b420781 e-con-full e-flex e-con e-child\" data-id=\"b420781\" data-element_type=\"container\" data-settings=\"{&quot;content_width&quot;:&quot;full&quot;,&quot;container_type&quot;:&quot;flex&quot;}\">\n\t\t\t\t<div class=\"elementor-element elementor-element-6a59ae0 elementor-widget elementor-widget-text-editor\" data-id=\"6a59ae0\" data-element_type=\"widget\" data-widget_type=\"text-editor.default\">\n\t\t\t\t<div class=\"elementor-widget-container\">\n\t\t\t<style>\/*! elementor - v3.17.0 - 08-11-2023 *\/\n.elementor-widget-text-editor.elementor-drop-cap-view-stacked .elementor-drop-cap{background-color:#69727d;color:#fff}.elementor-widget-text-editor.elementor-drop-cap-view-framed .elementor-drop-cap{color:#69727d;border:3px solid;background-color:transparent}.elementor-widget-text-editor:not(.elementor-drop-cap-view-default) .elementor-drop-cap{margin-top:8px}.elementor-widget-text-editor:not(.elementor-drop-cap-view-default) .elementor-drop-cap-letter{width:1em;height:1em}.elementor-widget-text-editor .elementor-drop-cap{float:left;text-align:center;line-height:1;font-size:50px}.elementor-widget-text-editor .elementor-drop-cap-letter{display:inline-block}<\/style>\t\t\t\t<p><span style=\"font-weight: 400;\">La <strong>Associaci\u00f3 d&#039;Actors Franc\u00f2fons a Espanya<\/strong> (AAFE) \u00e9s una iniciativa nascuda de forma espont\u00e0nia per part dels seus propis membres, pensada per servir-los directament. El seu funcionament es basa en la participaci\u00f3 activa i volunt\u00e0ria de la comunitat.<\/span><\/p><p><span style=\"font-weight: 400;\">Com a associaci\u00f3 sense \u00e0nim de lucre, el seu objectiu no \u00e9s actuar com a ag\u00e8ncia ni representar individualment els seus membres, sin\u00f3 donar visibilitat al talent franc\u00f2fon professional de l&#039;\u00e0mbit audiovisual a Espanya, promovent l&#039;intercanvi, la col\u00b7laboraci\u00f3 i el creixement col\u00b7lectiu.<\/span><\/p>\t\t\t\t\t\t<\/div>\n\t\t\t\t<\/div>\n\t\t\t\t<\/div>\n\t\t\t\t\t<\/details>\n\t\t\t\t\t\t<details id=\"e-n-accordion-item-2311\" class=\"e-n-accordion-item\" >\n\t\t\t\t<summary class=\"e-n-accordion-item-title\" role=\"button\" data-accordion-index=\"2\" tabindex=\"-1\" aria-expanded=\"false\" aria-controls=\"e-n-accordion-item-2311\" >\n\t\t\t\t\t<span class='e-n-accordion-item-title-header'><div class=\"e-n-accordion-item-title-text\"> Busques un talent franc\u00f2fon? <\/div><\/span>\n\t\t\t\t\t\t\t<span class='e-n-accordion-item-title-icon'>\n\t\t\t<span class='e-opened' ><i aria-hidden=\"true\" class=\"fas fa-minus\"><\/i><\/span>\n\t\t\t<span class='e-closed'><i aria-hidden=\"true\" class=\"fas fa-plus\"><\/i><\/span>\n\t\t<\/span>\n\n\t\t\t\t\t\t<\/summary>\n\t\t\t\t<div role=\"region\" aria-labelledby=\"e-n-accordion-item-2311\" class=\"elementor-element elementor-element-492f532 e-con-full e-flex e-con e-child\" data-id=\"492f532\" data-element_type=\"container\" data-settings=\"{&quot;content_width&quot;:&quot;full&quot;,&quot;container_type&quot;:&quot;flex&quot;}\">\n\t\t\t\t<div class=\"elementor-element elementor-element-74dafca elementor-widget elementor-widget-text-editor\" data-id=\"74dafca\" data-element_type=\"widget\" data-widget_type=\"text-editor.default\">\n\t\t\t\t<div class=\"elementor-widget-container\">\n\t\t\t\t\t\t\t<p><span style=\"font-weight: 400;\">A la nostra plataforma trobar\u00e0s professionals franc\u00f2fons amb experi\u00e8ncia en ficci\u00f3, publicitat, teatre, doblatge i altres sectors de l&#039;\u00e0mbit audiovisual.<\/span><\/p><p><span style=\"font-weight: 400;\">Tots els nostres membres compten amb un nivell de franc\u00e8s fluid (m\u00ednim C1 o nadiu), a m\u00e9s de DNI\/NIE i n\u00famero de Seguretat Social, cosa que permet una contractaci\u00f3 immediata a Espanya.<\/span><\/p><p><span style=\"font-weight: 400;\">Utilitza el nostre cercador amb m\u00faltiples filtres per trobar el perfil que s&#039;adapti millor a les teves necessitats.<\/span><\/p>\t\t\t\t\t\t<\/div>\n\t\t\t\t<\/div>\n\t\t\t\t<div class=\"elementor-element elementor-element-8938c2b elementor-widget elementor-widget-button\" data-id=\"8938c2b\" data-element_type=\"widget\" data-widget_type=\"button.default\">\n\t\t\t\t<div class=\"elementor-widget-container\">\n\t\t\t\t\t<div class=\"elementor-button-wrapper\">\n\t\t\t<a class=\"elementor-button elementor-button-link elementor-size-sm elementor-animation-grow\" href=\"https:\/\/actoresfrancofonos.com\/ca\/talents\/\">\n\t\t\t\t\t\t<span class=\"elementor-button-content-wrapper\">\n\t\t\t\t\t\t<span class=\"elementor-button-text\">Buscar Talent<\/span>\n\t\t<\/span>\n\t\t\t\t\t<\/a>\n\t\t<\/div>\n\t\t\t\t<\/div>\n\t\t\t\t<\/div>\n\t\t\t\t<div class=\"elementor-element elementor-element-cb2801d elementor-widget elementor-widget-text-editor\" data-id=\"cb2801d\" data-element_type=\"widget\" data-widget_type=\"text-editor.default\">\n\t\t\t\t<div class=\"elementor-widget-container\">\n\t\t\t\t\t\t\tAquesta plataforma no \u00e9s una ag\u00e8ncia. El contacte s&#039;ha de fer directament amb el professional o el seu representant, a trav\u00e9s de les dades disponibles al vostre perfil. Ni l&#039;associaci\u00f3 ni la plataforma intermedien ni respondran a aquestes sol\u00b7licituds.\n\t\t\t\t\t\t<\/div>\n\t\t\t\t<\/div>\n\t\t\t\t<\/div>\n\t\t\t\t\t<\/details>\n\t\t\t\t\t\t<details id=\"e-n-accordion-item-2312\" class=\"e-n-accordion-item\" >\n\t\t\t\t<summary class=\"e-n-accordion-item-title\" role=\"button\" data-accordion-index=\"3\" tabindex=\"-1\" aria-expanded=\"false\" aria-controls=\"e-n-accordion-item-2312\" >\n\t\t\t\t\t<span class='e-n-accordion-item-title-header'><div class=\"e-n-accordion-item-title-text\"> Vols formar part de l&#039;AAFE com a talent franc\u00f2fon? <\/div><\/span>\n\t\t\t\t\t\t\t<span class='e-n-accordion-item-title-icon'>\n\t\t\t<span class='e-opened' ><i aria-hidden=\"true\" class=\"fas fa-minus\"><\/i><\/span>\n\t\t\t<span class='e-closed'><i aria-hidden=\"true\" class=\"fas fa-plus\"><\/i><\/span>\n\t\t<\/span>\n\n\t\t\t\t\t\t<\/summary>\n\t\t\t\t<div role=\"region\" aria-labelledby=\"e-n-accordion-item-2312\" class=\"elementor-element elementor-element-9f330d4 e-con-full e-flex e-con e-child\" data-id=\"9f330d4\" data-element_type=\"container\" data-settings=\"{&quot;content_width&quot;:&quot;full&quot;,&quot;container_type&quot;:&quot;flex&quot;}\">\n\t\t\t\t<div class=\"elementor-element elementor-element-1ef2c7e elementor-widget elementor-widget-text-editor\" data-id=\"1ef2c7e\" data-element_type=\"widget\" data-widget_type=\"text-editor.default\">\n\t\t\t\t<div class=\"elementor-widget-container\">\n\t\t\t\t\t\t\t<p><span style=\"font-weight: 400;\">Si ets actor o actriu franc\u00f2fon\/a, resideixes a Espanya i treballes en ficci\u00f3, publicitat, teatre o doblatge, la nostra comunitat t&#039;est\u00e0 esperant! Busquem augmentar la visibilitat del nostre col\u00b7lectiu, crear sinergies reals i fer art junts.<\/span><\/p><p><span style=\"font-weight: 400;\">Apar\u00e8ixer a la nostra web implica formar part de l&#039;associaci\u00f3. Comptar amb una estructura jur\u00eddica ens permet actuar de manera m\u00e9s \u00e0gil i efica\u00e7, defensant els interessos comuns dels nostres membres i obrint noves oportunitats de col\u00b7laboraci\u00f3.<\/span><\/p>\t\t\t\t\t\t<\/div>\n\t\t\t\t<\/div>\n\t\t\t\t<div class=\"elementor-element elementor-element-a4d7fd5 elementor-widget elementor-widget-button\" data-id=\"a4d7fd5\" data-element_type=\"widget\" data-widget_type=\"button.default\">\n\t\t\t\t<div class=\"elementor-widget-container\">\n\t\t\t\t\t<div class=\"elementor-button-wrapper\">\n\t\t\t<a class=\"elementor-button elementor-button-link elementor-size-sm elementor-animation-grow\" href=\"http:\/\/actoresfrancofonos.com\/wp-content\/uploads\/2026\/01\/Estatutos-AAFE.docx_signed.pdf\" target=\"_blank\">\n\t\t\t\t\t\t<span class=\"elementor-button-content-wrapper\">\n\t\t\t\t\t\t<span class=\"elementor-button-text\">Vegeu estatuts de l&#039;AAFE<\/span>\n\t\t<\/span>\n\t\t\t\t\t<\/a>\n\t\t<\/div>\n\t\t\t\t<\/div>\n\t\t\t\t<\/div>\n\t\t\t\t<div class=\"elementor-element elementor-element-736218b elementor-widget elementor-widget-text-editor\" data-id=\"736218b\" data-element_type=\"widget\" data-widget_type=\"text-editor.default\">\n\t\t\t\t<div class=\"elementor-widget-container\">\n\t\t\t\t\t\t\t<p data-start=\"583\" data-end=\"668\"><span style=\"font-weight: 400;\">\ud83d\udce9<\/span><span style=\"font-weight: 400;\"> Envia&#039;ns un email i t&#039;explicarem com unir-te i apar\u00e8ixer a la web:<\/span><\/p>\t\t\t\t\t\t<\/div>\n\t\t\t\t<\/div>\n\t\t\t\t<div class=\"elementor-element elementor-element-34c06da elementor-widget elementor-widget-button\" data-id=\"34c06da\" data-element_type=\"widget\" data-widget_type=\"button.default\">\n\t\t\t\t<div class=\"elementor-widget-container\">\n\t\t\t\t\t<div class=\"elementor-button-wrapper\">\n\t\t\t<a class=\"elementor-button elementor-button-link elementor-size-sm elementor-animation-grow\" href=\"mailto:act.fran.esp@gmail.com\" target=\"_blank\">\n\t\t\t\t\t\t<span class=\"elementor-button-content-wrapper\">\n\t\t\t\t\t\t<span class=\"elementor-button-text\">Vull unir-me!<\/span>\n\t\t<\/span>\n\t\t\t\t\t<\/a>\n\t\t<\/div>\n\t\t\t\t<\/div>\n\t\t\t\t<\/div>\n\t\t\t\t<\/div>\n\t\t\t\t\t<\/details>\n\t\t\t\t\t\t<details id=\"e-n-accordion-item-2313\" class=\"e-n-accordion-item\" >\n\t\t\t\t<summary class=\"e-n-accordion-item-title\" role=\"button\" data-accordion-index=\"4\" tabindex=\"-1\" aria-expanded=\"false\" aria-controls=\"e-n-accordion-item-2313\" >\n\t\t\t\t\t<span class='e-n-accordion-item-title-header'><div class=\"e-n-accordion-item-title-text\"> Vols col\u00b7laborar amb nosaltres? <\/div><\/span>\n\t\t\t\t\t\t\t<span class='e-n-accordion-item-title-icon'>\n\t\t\t<span class='e-opened' ><i aria-hidden=\"true\" class=\"fas fa-minus\"><\/i><\/span>\n\t\t\t<span class='e-closed'><i aria-hidden=\"true\" class=\"fas fa-plus\"><\/i><\/span>\n\t\t<\/span>\n\n\t\t\t\t\t\t<\/summary>\n\t\t\t\t<div role=\"region\" aria-labelledby=\"e-n-accordion-item-2313\" class=\"elementor-element elementor-element-3b737f7 e-con-full e-flex e-con e-child\" data-id=\"3b737f7\" data-element_type=\"container\" data-settings=\"{&quot;content_width&quot;:&quot;full&quot;,&quot;container_type&quot;:&quot;flex&quot;}\">\n\t\t\t\t<div class=\"elementor-element elementor-element-a60ca70 elementor-widget elementor-widget-text-editor\" data-id=\"a60ca70\" data-element_type=\"widget\" data-widget_type=\"text-editor.default\">\n\t\t\t\t<div class=\"elementor-widget-container\">\n\t\t\t\t\t\t\t<p><span style=\"font-weight: 400;\">La nostra missi\u00f3 \u00e9s promoure la llengua i les cultures franc\u00f2fones a Espanya, creant ponts entre talents franc\u00f2fons i entitats interessades a desenvolupar projectes conjunts.<\/span><\/p><p><span style=\"font-weight: 400;\">Busquem col\u00b7laboracions que benefici\u00efn les dues parts i enriqueixin el panorama cultural i professional.<\/span><\/p><p><span style=\"font-weight: 400;\">Formes de col\u00b7laboraci\u00f3 possibles:<\/span><b><\/b><\/p><ul><li aria-level=\"1\"><b>Patrocini i suport institucional<\/b><\/li><\/ul><p><span style=\"font-weight: 400;\">Si voleu patrocinar-nos o col\u00b7laborar d&#039;alguna manera, estarem encantats d&#039;explorar vies de col\u00b7laboraci\u00f3.<\/span><b><\/b><\/p><ul><li aria-level=\"1\"><b>Organitzaci\u00f3 d&#039;esdeveniments conjunts<\/b><\/li><\/ul><p>\u00a0<\/p><p><span style=\"font-weight: 400;\">Participem en activitats que promouen les cultures franc\u00f2fones i connecten professionals, creadors i entusiastes del sector.<\/span><\/p><p><span style=\"font-weight: 400;\">Si comparteixes la nostra visi\u00f3 i desitges donar suport a la nostra tasca, estarem encantats d&#039;escoltar-te.<\/span><\/p><p><span style=\"font-weight: 400;\">Estem oberts a propostes que impulsin nous projectes i enforteixin la difusi\u00f3 de la cultura franc\u00f2fona a Espanya.<\/span><\/p>\t\t\t\t\t\t<\/div>\n\t\t\t\t<\/div>\n\t\t\t\t<div class=\"elementor-element elementor-element-7fc5c7c elementor-widget elementor-widget-button\" data-id=\"7fc5c7c\" data-element_type=\"widget\" data-widget_type=\"button.default\">\n\t\t\t\t<div class=\"elementor-widget-container\">\n\t\t\t\t\t<div class=\"elementor-button-wrapper\">\n\t\t\t<a class=\"elementor-button elementor-button-link elementor-size-sm elementor-animation-grow\" href=\"https:\/\/actoresfrancofonos.com\/ca\/contacte\/\">\n\t\t\t\t\t\t<span class=\"elementor-button-content-wrapper\">\n\t\t\t\t\t\t<span class=\"elementor-button-text\">Contacta&#039;ns<\/span>\n\t\t<\/span>\n\t\t\t\t\t<\/a>\n\t\t<\/div>\n\t\t\t\t<\/div>\n\t\t\t\t<\/div>\n\t\t\t\t<\/div>\n\t\t\t\t\t<\/details>\n\t\t\t\t\t<\/div>\n\t\t\t\t<\/div>\n\t\t\t\t<\/div>\n\t\t\t\t<\/div>\n\t\t<div class=\"elementor-element elementor-element-2c13036 e-con-full e-flex e-con e-child\" data-id=\"2c13036\" data-element_type=\"container\" data-settings=\"{&quot;content_width&quot;:&quot;full&quot;,&quot;container_type&quot;:&quot;flex&quot;}\">\n\t\t\t\t<div class=\"elementor-element elementor-element-4216c19 elementor-widget elementor-widget-image\" data-id=\"4216c19\" data-element_type=\"widget\" data-widget_type=\"image.default\">\n\t\t\t\t<div class=\"elementor-widget-container\">\n\t\t\t<style>\/*! elementor - v3.17.0 - 08-11-2023 *\/\n.elementor-widget-image{text-align:center}.elementor-widget-image a{display:inline-block}.elementor-widget-image a img[src$=\".svg\"]{width:48px}.elementor-widget-image img{vertical-align:middle;display:inline-block}<\/style>\t\t\t\t\t\t\t\t\t\t\t\t<img fetchpriority=\"high\" decoding=\"async\" width=\"1024\" height=\"1024\" src=\"https:\/\/actoresfrancofonos.com\/wp-content\/uploads\/2026\/01\/Como-funciona-1-1024x1024.jpg\" class=\"attachment-large size-large wp-image-629\" alt=\"\" srcset=\"https:\/\/actoresfrancofonos.com\/wp-content\/uploads\/2026\/01\/Como-funciona-1-1024x1024.jpg 1024w, https:\/\/actoresfrancofonos.com\/wp-content\/uploads\/2026\/01\/Como-funciona-1-300x300.jpg 300w, https:\/\/actoresfrancofonos.com\/wp-content\/uploads\/2026\/01\/Como-funciona-1-150x150.jpg 150w, https:\/\/actoresfrancofonos.com\/wp-content\/uploads\/2026\/01\/Como-funciona-1-768x768.jpg 768w, https:\/\/actoresfrancofonos.com\/wp-content\/uploads\/2026\/01\/Como-funciona-1-1536x1536.jpg 1536w, https:\/\/actoresfrancofonos.com\/wp-content\/uploads\/2026\/01\/Como-funciona-1-2048x2048.jpg 2048w\" sizes=\"(max-width: 1024px) 100vw, 1024px\" \/>\t\t\t\t\t\t\t\t\t\t\t\t\t\t\t<\/div>\n\t\t\t\t<\/div>\n\t\t\t\t<\/div>\n\t\t\t\t<\/div>\n\t\t\t\t\t\t\t<\/div>","protected":false},"excerpt":{"rendered":"<p>Com funciona: Com funciona? L&#039;Associaci\u00f3 d&#039;Actors Franc\u00f2fons a Espanya (AAFE) \u00e9s una iniciativa nascuda de forma espont\u00e0nia per part dels seus membres, pensada per servir-los directament. El seu funcionament es basa en la participaci\u00f3 activa i volunt\u00e0ria de la comunitat. Com a associaci\u00f3 sense \u00e0nim de lucre, el seu objectiu no \u00e9s actuar com a ag\u00e8ncia [\u2026]<\/p>","protected":false},"author":1,"featured_media":0,"parent":0,"menu_order":0,"comment_status":"closed","ping_status":"closed","template":"","meta":{"footnotes":""},"class_list":["post-58","page","type-page","status-publish","hentry"],"_links":{"self":[{"href":"https:\/\/actoresfrancofonos.com\/ca\/wp-json\/wp\/v2\/pages\/58","targetHints":{"allow":["GET"]}}],"collection":[{"href":"https:\/\/actoresfrancofonos.com\/ca\/wp-json\/wp\/v2\/pages"}],"about":[{"href":"https:\/\/actoresfrancofonos.com\/ca\/wp-json\/wp\/v2\/types\/page"}],"author":[{"embeddable":true,"href":"https:\/\/actoresfrancofonos.com\/ca\/wp-json\/wp\/v2\/users\/1"}],"replies":[{"embeddable":true,"href":"https:\/\/actoresfrancofonos.com\/ca\/wp-json\/wp\/v2\/comments?post=58"}],"version-history":[{"count":5,"href":"https:\/\/actoresfrancofonos.com\/ca\/wp-json\/wp\/v2\/pages\/58\/revisions"}],"predecessor-version":[{"id":848,"href":"https:\/\/actoresfrancofonos.com\/ca\/wp-json\/wp\/v2\/pages\/58\/revisions\/848"}],"wp:attachment":[{"href":"https:\/\/actoresfrancofonos.com\/ca\/wp-json\/wp\/v2\/media?parent=58"}],"curies":[{"name":"wp","href":"https:\/\/api.w.org\/{rel}","templated":true}]}}