{"id":61,"date":"2025-12-29T17:02:42","date_gmt":"2025-12-29T17:02:42","guid":{"rendered":"https:\/\/actoresfrancofonos.com\/?page_id=61"},"modified":"2026-01-13T11:22:03","modified_gmt":"2026-01-13T11:22:03","slug":"qui-som","status":"publish","type":"page","link":"https:\/\/actoresfrancofonos.com\/ca\/qui-som\/","title":{"rendered":"Qui som"},"content":{"rendered":"<div data-elementor-type=\"wp-page\" data-elementor-id=\"61\" class=\"elementor elementor-61\" data-elementor-post-type=\"page\">\n\t\t\t\t\t\t\t<div class=\"elementor-element elementor-element-6d7c8c1 e-con-full e-flex e-con e-parent\" data-id=\"6d7c8c1\" data-element_type=\"container\" data-settings=\"{&quot;content_width&quot;:&quot;full&quot;,&quot;container_type&quot;:&quot;flex&quot;}\" data-core-v316-plus=\"true\">\n\t\t<div class=\"elementor-element elementor-element-9d018a0 e-con-full e-flex e-con e-child\" data-id=\"9d018a0\" data-element_type=\"container\" data-settings=\"{&quot;content_width&quot;:&quot;full&quot;,&quot;container_type&quot;:&quot;flex&quot;}\">\n\t\t\t\t<div class=\"elementor-element elementor-element-8628fee elementor-widget elementor-widget-heading\" data-id=\"8628fee\" data-element_type=\"widget\" data-widget_type=\"heading.default\">\n\t\t\t\t<div class=\"elementor-widget-container\">\n\t\t\t<style>\/*! elementor - v3.17.0 - 08-11-2023 *\/\n.elementor-heading-title{padding:0;margin:0;line-height:1}.elementor-widget-heading .elementor-heading-title[class*=elementor-size-]>a{color:inherit;font-size:inherit;line-height:inherit}.elementor-widget-heading .elementor-heading-title.elementor-size-small{font-size:15px}.elementor-widget-heading .elementor-heading-title.elementor-size-medium{font-size:19px}.elementor-widget-heading .elementor-heading-title.elementor-size-large{font-size:29px}.elementor-widget-heading .elementor-heading-title.elementor-size-xl{font-size:39px}.elementor-widget-heading .elementor-heading-title.elementor-size-xxl{font-size:59px}<\/style><h2 class=\"elementor-heading-title elementor-size-default\">Qui som:<\/h2>\t\t<\/div>\n\t\t\t\t<\/div>\n\t\t\t\t<div class=\"elementor-element elementor-element-adfa896 elementor-widget elementor-widget-n-accordion\" data-id=\"adfa896\" data-element_type=\"widget\" data-settings=\"{&quot;default_state&quot;:&quot;expanded&quot;,&quot;max_items_expended&quot;:&quot;one&quot;,&quot;n_accordion_animation_duration&quot;:{&quot;unit&quot;:&quot;ms&quot;,&quot;size&quot;:400,&quot;sizes&quot;:[]}}\" data-widget_type=\"nested-accordion.default\">\n\t\t\t\t<div class=\"elementor-widget-container\">\n\t\t\t\t\t<div class=\"e-n-accordion\" aria-label=\"Accordion. Open links with Enter or Space, close with Escape, and navigate with Arrow Keys\">\n\t\t\t\t\t\t<details id=\"e-n-accordion-item-1820\" class=\"e-n-accordion-item\" open>\n\t\t\t\t<summary class=\"e-n-accordion-item-title\" role=\"button\" data-accordion-index=\"1\" tabindex=\"0\" aria-expanded=\"true\" aria-controls=\"e-n-accordion-item-1820\" >\n\t\t\t\t\t<span class='e-n-accordion-item-title-header'><div class=\"e-n-accordion-item-title-text\"> Com neix l&#039;AAFE? <\/div><\/span>\n\t\t\t\t\t\t\t<span class='e-n-accordion-item-title-icon'>\n\t\t\t<span class='e-opened' ><i aria-hidden=\"true\" class=\"fas fa-minus\"><\/i><\/span>\n\t\t\t<span class='e-closed'><i aria-hidden=\"true\" class=\"fas fa-plus\"><\/i><\/span>\n\t\t<\/span>\n\n\t\t\t\t\t\t<\/summary>\n\t\t\t\t<div role=\"region\" aria-labelledby=\"e-n-accordion-item-1820\" class=\"elementor-element elementor-element-9b2a536 e-con-full e-flex e-con e-child\" data-id=\"9b2a536\" data-element_type=\"container\" data-settings=\"{&quot;content_width&quot;:&quot;full&quot;,&quot;container_type&quot;:&quot;flex&quot;}\">\n\t\t\t\t<div class=\"elementor-element elementor-element-740f1a8 elementor-widget elementor-widget-text-editor\" data-id=\"740f1a8\" data-element_type=\"widget\" data-widget_type=\"text-editor.default\">\n\t\t\t\t<div class=\"elementor-widget-container\">\n\t\t\t<style>\/*! elementor - v3.17.0 - 08-11-2023 *\/\n.elementor-widget-text-editor.elementor-drop-cap-view-stacked .elementor-drop-cap{background-color:#69727d;color:#fff}.elementor-widget-text-editor.elementor-drop-cap-view-framed .elementor-drop-cap{color:#69727d;border:3px solid;background-color:transparent}.elementor-widget-text-editor:not(.elementor-drop-cap-view-default) .elementor-drop-cap{margin-top:8px}.elementor-widget-text-editor:not(.elementor-drop-cap-view-default) .elementor-drop-cap-letter{width:1em;height:1em}.elementor-widget-text-editor .elementor-drop-cap{float:left;text-align:center;line-height:1;font-size:50px}.elementor-widget-text-editor .elementor-drop-cap-letter{display:inline-block}<\/style>\t\t\t\t<p><span style=\"font-weight: 400;\">La <strong>Associaci\u00f3 d&#039;Actors Franc\u00f2fons a Espanya<\/strong> (AAFE) neix el 2022 a partir d&#039;un grup de xat que reuneix actrius, actors i altres professionals francoparlants del sector audiovisual i esc\u00e8nic establerts a Barcelona.<\/span><\/p><p><span style=\"font-weight: 400;\">Impulsada per l&#039;actriu Lisa Milet, la iniciativa cerca crear una xarxa s\u00f2lida de col\u00b7laboraci\u00f3 i suport mutu, fomentant una pr\u00e0ctica professional connectada que enriqueixi tant el desenvolupament individual com col\u00b7lectiu.<\/span><\/p>\t\t\t\t\t\t<\/div>\n\t\t\t\t<\/div>\n\t\t\t\t<\/div>\n\t\t\t\t\t<\/details>\n\t\t\t\t\t\t<details id=\"e-n-accordion-item-1821\" class=\"e-n-accordion-item\" >\n\t\t\t\t<summary class=\"e-n-accordion-item-title\" role=\"button\" data-accordion-index=\"2\" tabindex=\"-1\" aria-expanded=\"false\" aria-controls=\"e-n-accordion-item-1821\" >\n\t\t\t\t\t<span class='e-n-accordion-item-title-header'><div class=\"e-n-accordion-item-title-text\"> Els nostres valors <\/div><\/span>\n\t\t\t\t\t\t\t<span class='e-n-accordion-item-title-icon'>\n\t\t\t<span class='e-opened' ><i aria-hidden=\"true\" class=\"fas fa-minus\"><\/i><\/span>\n\t\t\t<span class='e-closed'><i aria-hidden=\"true\" class=\"fas fa-plus\"><\/i><\/span>\n\t\t<\/span>\n\n\t\t\t\t\t\t<\/summary>\n\t\t\t\t<div role=\"region\" aria-labelledby=\"e-n-accordion-item-1821\" class=\"elementor-element elementor-element-7a0b2d2 e-con-full e-flex e-con e-child\" data-id=\"7a0b2d2\" data-element_type=\"container\" data-settings=\"{&quot;content_width&quot;:&quot;full&quot;,&quot;container_type&quot;:&quot;flex&quot;}\">\n\t\t\t\t<div class=\"elementor-element elementor-element-a95bb14 elementor-widget elementor-widget-text-editor\" data-id=\"a95bb14\" data-element_type=\"widget\" data-widget_type=\"text-editor.default\">\n\t\t\t\t<div class=\"elementor-widget-container\">\n\t\t\t\t\t\t\t<p><span style=\"font-weight: 400;\">Com a comunitat, ens basem en la companyonia, l&#039;intercanvi d&#039;informaci\u00f3 \u00fatil (com oportunitats de treball, promoci\u00f3 d&#039;espectacles o idees creatives), i el suport mutu durant processos com ara c\u00e0stings o projectes en desenvolupament.<\/span><\/p><p><span style=\"font-weight: 400;\">Fomentem la col\u00b7laboraci\u00f3 activa entre els nostres membres, amb l&#039;objectiu d&#039;impulsar iniciatives conjuntes i enfortir el teixit professional franc\u00f2fon a Espanya.<\/span><\/p>\t\t\t\t\t\t<\/div>\n\t\t\t\t<\/div>\n\t\t\t\t<\/div>\n\t\t\t\t\t<\/details>\n\t\t\t\t\t\t<details id=\"e-n-accordion-item-1822\" class=\"e-n-accordion-item\" >\n\t\t\t\t<summary class=\"e-n-accordion-item-title\" role=\"button\" data-accordion-index=\"3\" tabindex=\"-1\" aria-expanded=\"false\" aria-controls=\"e-n-accordion-item-1822\" >\n\t\t\t\t\t<span class='e-n-accordion-item-title-header'><div class=\"e-n-accordion-item-title-text\"> Creixem <\/div><\/span>\n\t\t\t\t\t\t\t<span class='e-n-accordion-item-title-icon'>\n\t\t\t<span class='e-opened' ><i aria-hidden=\"true\" class=\"fas fa-minus\"><\/i><\/span>\n\t\t\t<span class='e-closed'><i aria-hidden=\"true\" class=\"fas fa-plus\"><\/i><\/span>\n\t\t<\/span>\n\n\t\t\t\t\t\t<\/summary>\n\t\t\t\t<div role=\"region\" aria-labelledby=\"e-n-accordion-item-1822\" class=\"elementor-element elementor-element-b31f68c e-con-full e-flex e-con e-child\" data-id=\"b31f68c\" data-element_type=\"container\" data-settings=\"{&quot;content_width&quot;:&quot;full&quot;,&quot;container_type&quot;:&quot;flex&quot;}\">\n\t\t\t\t<div class=\"elementor-element elementor-element-aa74856 elementor-widget elementor-widget-text-editor\" data-id=\"aa74856\" data-element_type=\"widget\" data-widget_type=\"text-editor.default\">\n\t\t\t\t<div class=\"elementor-widget-container\">\n\t\t\t\t\t\t\tEl projecte arrenca el 2023, quan un grup de professionals franc\u00f2fons del sector audiovisual i esc\u00e8nic a Espanya comen\u00e7a a posar-se en contacte per intercanviar opinions, experi\u00e8ncies i recursos. D&#039;aquesta iniciativa espont\u00e0nia neix un compte d&#039;Instagram, on cada actor i actriu compta amb una publicaci\u00f3 personalitzada com a carta de presentaci\u00f3.<br><br>\n\nLa comunitat creix r\u00e0pidament, incorporant talents de tot el territori espanyol. El compte queda petit i sorgeix una idea: crear una p\u00e0gina web finan\u00e7ada per la pr\u00f2pia comunitat, que faciliti la contractaci\u00f3 d&#039;int\u00e8rprets franc\u00f2fons professionals a Espanya.\n<br><br>\nEl 2024 arrenca el proc\u00e9s de disseny de la web, impulsat per un equip de voluntaris i amb el suport de diversos directors de c\u00e0sting \u2014Silvia Men\u00e9ndez, Luci Lenox, Edu Prado i Pep Armengol. Durant aquest mateix proc\u00e9s es constitueix formalment l&#039;Associaci\u00f3 d&#039;Actors Franc\u00f2fons a Espanya per tal de donar estructura i continu\u00eftat a la iniciativa.\n<br><br>\nLa web veu la llum el 2025. Es tracta d&#039;una plataforma p\u00fablica adre\u00e7ada a professionals del sector \u2013directors de c\u00e0sting, ag\u00e8ncies, productores\u2013 que permet accedir directament als perfils personalitzats de cada membre, amb les dades de contacte. La plataforma no actua com a ag\u00e8ncia: els contactes es fan directament amb el talent o el seu representant.\n<br><br>\nA partir d\u00b4aqu\u00ed, es comen\u00e7aran a planificar col\u00b7laboracions i esdeveniments amb l\u00b4objectiu de crear ponts entre el sector audiovisual a Espanya i els professionals franc\u00f2fons, consolidant aix\u00ed una xarxa activa, visible i en constant evoluci\u00f3.\t\t\t\t\t\t<\/div>\n\t\t\t\t<\/div>\n\t\t\t\t<\/div>\n\t\t\t\t\t<\/details>\n\t\t\t\t\t\t<details id=\"e-n-accordion-item-1823\" class=\"e-n-accordion-item\" >\n\t\t\t\t<summary class=\"e-n-accordion-item-title\" role=\"button\" data-accordion-index=\"4\" tabindex=\"-1\" aria-expanded=\"false\" aria-controls=\"e-n-accordion-item-1823\" >\n\t\t\t\t\t<span class='e-n-accordion-item-title-header'><div class=\"e-n-accordion-item-title-text\"> L&#039;Associaci\u00f3 <\/div><\/span>\n\t\t\t\t\t\t\t<span class='e-n-accordion-item-title-icon'>\n\t\t\t<span class='e-opened' ><i aria-hidden=\"true\" class=\"fas fa-minus\"><\/i><\/span>\n\t\t\t<span class='e-closed'><i aria-hidden=\"true\" class=\"fas fa-plus\"><\/i><\/span>\n\t\t<\/span>\n\n\t\t\t\t\t\t<\/summary>\n\t\t\t\t<div role=\"region\" aria-labelledby=\"e-n-accordion-item-1823\" class=\"elementor-element elementor-element-fc7531d e-con-full e-flex e-con e-child\" data-id=\"fc7531d\" data-element_type=\"container\" data-settings=\"{&quot;content_width&quot;:&quot;full&quot;,&quot;container_type&quot;:&quot;flex&quot;}\">\n\t\t\t\t<div class=\"elementor-element elementor-element-2f0cc04 elementor-widget elementor-widget-text-editor\" data-id=\"2f0cc04\" data-element_type=\"widget\" data-widget_type=\"text-editor.default\">\n\t\t\t\t<div class=\"elementor-widget-container\">\n\t\t\t\t\t\t\t<p>Per donar un marc legal al projecte i facilitar l&#039;organitzaci\u00f3 de futures accions i esdeveniments, el 2024 es constitueix oficialment la <strong>Associaci\u00f3 d&#039;Actors Franc\u00f2fons a Espanya<\/strong> (AAFE). <br \/><br \/>Aquesta associaci\u00f3 sense \u00e0nim de lucre neix amb l&#039;objectiu de visibilitzar el talent professional franc\u00f2fon de l&#039;\u00e0mbit audiovisual present a Espanya, sense intenci\u00f3 d&#039;actuar com a ag\u00e8ncia ni de representar els seus membres de manera individual.<br \/><br \/><\/p><p>La junta directiva actual est\u00e0 formada per Lisa Milet (presidenta), Arnau Redorta (vicepresident), Chap Rodr\u00edguez (secretari), Vincent-Gr\u00e9goire Wu (tresorer) i Nathalie Meyer (vocal).<\/p><p>L&#039;AAFE es consolida aix\u00ed com una eina col\u00b7lectiva al servei dels seus membres, per impulsar noves din\u00e0miques de col\u00b7laboraci\u00f3, visibilitat i acci\u00f3 dins l&#039;ecosistema professional.<\/p>\t\t\t\t\t\t<\/div>\n\t\t\t\t<\/div>\n\t\t\t\t<\/div>\n\t\t\t\t\t<\/details>\n\t\t\t\t\t<\/div>\n\t\t\t\t<\/div>\n\t\t\t\t<\/div>\n\t\t\t\t<\/div>\n\t\t<div class=\"elementor-element elementor-element-41beb2b e-con-full e-flex e-con e-child\" data-id=\"41beb2b\" data-element_type=\"container\" data-settings=\"{&quot;content_width&quot;:&quot;full&quot;,&quot;container_type&quot;:&quot;flex&quot;}\">\n\t\t\t\t<div class=\"elementor-element elementor-element-756f1f3 elementor-widget elementor-widget-image\" data-id=\"756f1f3\" data-element_type=\"widget\" data-widget_type=\"image.default\">\n\t\t\t\t<div class=\"elementor-widget-container\">\n\t\t\t<style>\/*! elementor - v3.17.0 - 08-11-2023 *\/\n.elementor-widget-image{text-align:center}.elementor-widget-image a{display:inline-block}.elementor-widget-image a img[src$=\".svg\"]{width:48px}.elementor-widget-image img{vertical-align:middle;display:inline-block}<\/style>\t\t\t\t\t\t\t\t\t\t\t\t<img fetchpriority=\"high\" decoding=\"async\" width=\"2560\" height=\"2560\" src=\"https:\/\/actoresfrancofonos.com\/wp-content\/uploads\/2026\/01\/Quienes-Somos-scaled.jpg\" class=\"attachment-full size-full wp-image-630\" alt=\"\" srcset=\"https:\/\/actoresfrancofonos.com\/wp-content\/uploads\/2026\/01\/Quienes-Somos-scaled.jpg 2560w, https:\/\/actoresfrancofonos.com\/wp-content\/uploads\/2026\/01\/Quienes-Somos-300x300.jpg 300w, https:\/\/actoresfrancofonos.com\/wp-content\/uploads\/2026\/01\/Quienes-Somos-1024x1024.jpg 1024w, https:\/\/actoresfrancofonos.com\/wp-content\/uploads\/2026\/01\/Quienes-Somos-150x150.jpg 150w, https:\/\/actoresfrancofonos.com\/wp-content\/uploads\/2026\/01\/Quienes-Somos-768x768.jpg 768w, https:\/\/actoresfrancofonos.com\/wp-content\/uploads\/2026\/01\/Quienes-Somos-1536x1536.jpg 1536w, https:\/\/actoresfrancofonos.com\/wp-content\/uploads\/2026\/01\/Quienes-Somos-2048x2048.jpg 2048w\" sizes=\"(max-width: 2560px) 100vw, 2560px\" \/>\t\t\t\t\t\t\t\t\t\t\t\t\t\t\t<\/div>\n\t\t\t\t<\/div>\n\t\t\t\t<\/div>\n\t\t\t\t<\/div>\n\t\t\t\t\t\t\t<\/div>","protected":false},"excerpt":{"rendered":"<p>Qui som: Com neix l&#039;AAFE? L&#039;Associaci\u00f3 d&#039;Actors Franc\u00f2fons a Espanya (AAFE) neix el 2022 a partir d&#039;un grup de xat que reuneix actrius, actors i altres professionals francoparlants del sector audiovisual i esc\u00e8nic establerts a Barcelona. Impulsada per l&#039;actriu Lisa Milet, la iniciativa busca crear una xarxa s\u00f2lida de [\u2026]<\/p>","protected":false},"author":1,"featured_media":0,"parent":0,"menu_order":0,"comment_status":"closed","ping_status":"closed","template":"","meta":{"footnotes":""},"class_list":["post-61","page","type-page","status-publish","hentry"],"_links":{"self":[{"href":"https:\/\/actoresfrancofonos.com\/ca\/wp-json\/wp\/v2\/pages\/61","targetHints":{"allow":["GET"]}}],"collection":[{"href":"https:\/\/actoresfrancofonos.com\/ca\/wp-json\/wp\/v2\/pages"}],"about":[{"href":"https:\/\/actoresfrancofonos.com\/ca\/wp-json\/wp\/v2\/types\/page"}],"author":[{"embeddable":true,"href":"https:\/\/actoresfrancofonos.com\/ca\/wp-json\/wp\/v2\/users\/1"}],"replies":[{"embeddable":true,"href":"https:\/\/actoresfrancofonos.com\/ca\/wp-json\/wp\/v2\/comments?post=61"}],"version-history":[{"count":5,"href":"https:\/\/actoresfrancofonos.com\/ca\/wp-json\/wp\/v2\/pages\/61\/revisions"}],"predecessor-version":[{"id":763,"href":"https:\/\/actoresfrancofonos.com\/ca\/wp-json\/wp\/v2\/pages\/61\/revisions\/763"}],"wp:attachment":[{"href":"https:\/\/actoresfrancofonos.com\/ca\/wp-json\/wp\/v2\/media?parent=61"}],"curies":[{"name":"wp","href":"https:\/\/api.w.org\/{rel}","templated":true}]}}