{"id":410,"date":"2025-12-30T18:29:25","date_gmt":"2025-12-30T18:29:25","guid":{"rendered":"https:\/\/actoresfrancofonos.com\/?page_id=410"},"modified":"2025-12-30T18:30:48","modified_gmt":"2025-12-30T18:30:48","slug":"politique-en-matiere-de-cookies","status":"publish","type":"page","link":"https:\/\/actoresfrancofonos.com\/fr\/politique-en-matiere-de-cookies\/","title":{"rendered":"Politique relative aux cookies"},"content":{"rendered":"<div data-elementor-type=\"wp-page\" data-elementor-id=\"410\" class=\"elementor elementor-410\" data-elementor-post-type=\"page\">\n\t\t\t\t\t\t\t<div class=\"elementor-element elementor-element-346fd7e e-flex e-con-boxed e-con e-parent\" data-id=\"346fd7e\" data-element_type=\"container\" data-settings=\"{&quot;container_type&quot;:&quot;flex&quot;,&quot;content_width&quot;:&quot;boxed&quot;}\" data-core-v316-plus=\"true\">\n\t\t\t\t\t<div class=\"e-con-inner\">\n\t\t\t\t<div class=\"elementor-element elementor-element-0696bba elementor-widget elementor-widget-text-editor\" data-id=\"0696bba\" data-element_type=\"widget\" data-widget_type=\"text-editor.default\">\n\t\t\t\t<div class=\"elementor-widget-container\">\n\t\t\t<style>\/*! elementor - v3.17.0 - 08-11-2023 *\/\n.elementor-widget-text-editor.elementor-drop-cap-view-stacked .elementor-drop-cap{background-color:#69727d;color:#fff}.elementor-widget-text-editor.elementor-drop-cap-view-framed .elementor-drop-cap{color:#69727d;border:3px solid;background-color:transparent}.elementor-widget-text-editor:not(.elementor-drop-cap-view-default) .elementor-drop-cap{margin-top:8px}.elementor-widget-text-editor:not(.elementor-drop-cap-view-default) .elementor-drop-cap-letter{width:1em;height:1em}.elementor-widget-text-editor .elementor-drop-cap{float:left;text-align:center;line-height:1;font-size:50px}.elementor-widget-text-editor .elementor-drop-cap-letter{display:inline-block}<\/style>\t\t\t\t<h2 data-start=\"349\" data-end=\"371\">Politique relative aux cookies<\/h2><p data-start=\"373\" data-end=\"561\">Dans <strong data-start=\"376\" data-end=\"402\">actoresfrancofonos.com<\/strong> Nous utilisons des cookies pour am\u00e9liorer l&#039;exp\u00e9rience de navigation de l&#039;utilisateur, analyser l&#039;utilisation du site web et assurer son bon fonctionnement.<\/p><p data-start=\"563\" data-end=\"727\">En acc\u00e9dant \u00e0 ce site web, l&#039;utilisateur peut accepter, refuser ou configurer l&#039;utilisation des cookies via la banni\u00e8re ou le panneau de param\u00e8tres pr\u00e9vu \u00e0 cet effet.<\/p><h3 data-start=\"729\" data-end=\"757\">1. Que sont les cookies ?<\/h3><p data-start=\"759\" data-end=\"1172\">Les cookies sont de petits fichiers texte t\u00e9l\u00e9charg\u00e9s sur l&#039;appareil d&#039;un utilisateur (ordinateur, smartphone, tablette, etc.) lorsqu&#039;il consulte un site web. Ils permettent notamment de stocker et de r\u00e9cup\u00e9rer des informations relatives aux habitudes de navigation de l&#039;utilisateur ou \u00e0 son appareil et, selon les informations qu&#039;ils contiennent et l&#039;utilisation de l&#039;appareil, ils peuvent servir \u00e0 reconna\u00eetre l&#039;utilisateur.<\/p><h3 data-start=\"1174\" data-end=\"1226\">2. Types de cookies utilis\u00e9s sur ce site web<\/h3><p data-start=\"1228\" data-end=\"1290\">Ce site web peut utiliser les types de cookies suivants\u00a0:<\/p><h4 data-start=\"1292\" data-end=\"1331\">a) Cookies techniques ou n\u00e9cessaires<\/h4><p data-start=\"1332\" data-end=\"1601\">Ces \u00e9l\u00e9ments sont essentiels au bon fonctionnement du site web et permettent \u00e0 l&#039;utilisateur de naviguer sur celui-ci et d&#039;utiliser les diff\u00e9rentes options ou services qui y sont propos\u00e9s.<br data-start=\"1541\" data-end=\"1544\" \/>Ces cookies ne n\u00e9cessitent pas le consentement de l&#039;utilisateur.<\/p><h4 data-start=\"1603\" data-end=\"1643\">b) Cookies d&#039;analyse ou de mesure<\/h4><p data-start=\"1644\" data-end=\"1894\">Ils permettent de quantifier le nombre d&#039;utilisateurs et d&#039;effectuer des mesures et des analyses statistiques de la fa\u00e7on dont les utilisateurs utilisent le site web.<br data-start=\"1788\" data-end=\"1791\" \/>Les informations recueillies servent \u00e0 am\u00e9liorer le fonctionnement du site et le contenu propos\u00e9.<\/p><p data-start=\"1896\" data-end=\"1972\">Exemple : Google Analytics ou d&#039;autres outils similaires (s&#039;ils sont actifs).<\/p><h4 data-start=\"1974\" data-end=\"2022\">c) Cookies de personnalisation (le cas \u00e9ch\u00e9ant)<\/h4><p data-start=\"2023\" data-end=\"2221\">Elles permettent de m\u00e9moriser des informations afin que l&#039;utilisateur puisse acc\u00e9der au service avec certaines caract\u00e9ristiques susceptibles de diff\u00e9rencier son exp\u00e9rience (langue, type de navigateur, param\u00e8tres r\u00e9gionaux, etc.).<\/p><h3 data-start=\"2223\" data-end=\"2249\">3. Cookies tiers<\/h3><p data-start=\"2251\" data-end=\"2454\">Ce site web peut utiliser des services tiers qui collectent des informations \u00e0 des fins statistiques, d&#039;analyse de l&#039;utilisation du site ou pour la fourniture d&#039;autres services li\u00e9s \u00e0 l&#039;activit\u00e9 du site web.<\/p><p data-start=\"2456\" data-end=\"2530\">Ce site web peut notamment utiliser des services fournis par\u00a0:<\/p><ul data-start=\"2532\" data-end=\"2591\"><li data-start=\"2532\" data-end=\"2591\"><p data-start=\"2534\" data-end=\"2591\">Google LLC (services d&#039;analyse Web, le cas \u00e9ch\u00e9ant)<\/p><\/li><\/ul><p data-start=\"2593\" data-end=\"2710\">Ces tiers peuvent stocker des cookies sur l&#039;appareil de l&#039;utilisateur conform\u00e9ment \u00e0 leurs propres politiques de confidentialit\u00e9.<\/p><h3 data-start=\"2712\" data-end=\"2753\">4. Gestion et configuration des cookies<\/h3><p data-start=\"2755\" data-end=\"2909\">L&#039;utilisateur peut autoriser, bloquer ou supprimer les cookies install\u00e9s sur son appareil en configurant les options du navigateur utilis\u00e9.<\/p><p data-start=\"2911\" data-end=\"3006\">Vous trouverez ci-dessous des liens vers les param\u00e8tres des cookies des principaux navigateurs\u00a0:<\/p><ul data-start=\"3008\" data-end=\"3075\"><li data-start=\"3008\" data-end=\"3025\"><p data-start=\"3010\" data-end=\"3025\">Google Chrome<\/p><\/li><li data-start=\"3026\" data-end=\"3045\"><p data-start=\"3028\" data-end=\"3045\">Mozilla Firefox<\/p><\/li><li data-start=\"3046\" data-end=\"3056\"><p data-start=\"3048\" data-end=\"3056\">Safari<\/p><\/li><li data-start=\"3057\" data-end=\"3075\"><p data-start=\"3059\" data-end=\"3075\">Microsoft Edge<\/p><\/li><\/ul><p data-start=\"3077\" data-end=\"3195\">La d\u00e9sactivation des cookies peut affecter le bon fonctionnement du site web ou de certaines de ses fonctionnalit\u00e9s.<\/p><h3 data-start=\"3197\" data-end=\"3240\">5. Acceptation de la politique relative aux cookies<\/h3><p data-start=\"3242\" data-end=\"3455\">Lors de sa premi\u00e8re visite sur ce site web, l&#039;utilisateur verra un message ou une banni\u00e8re d&#039;information concernant l&#039;utilisation des cookies.<br data-start=\"3357\" data-end=\"3360\" \/>L&#039;utilisateur peut accepter tous les cookies, les refuser ou les configurer selon ses pr\u00e9f\u00e9rences.<\/p><p data-start=\"3457\" data-end=\"3649\">Le consentement donn\u00e9 peut \u00eatre retir\u00e9 \u00e0 tout moment en modifiant les param\u00e8tres des cookies du navigateur ou via le panneau de configuration du site web, le cas \u00e9ch\u00e9ant.<\/p><h3 data-start=\"3651\" data-end=\"3699\">6. Mises \u00e0 jour de la politique relative aux cookies<\/h3><p data-start=\"3701\" data-end=\"3916\">La pr\u00e9sente politique relative aux cookies peut \u00eatre mise \u00e0 jour en fonction des changements l\u00e9gislatifs ou des modifications apport\u00e9es \u00e0 l&#039;utilisation des cookies sur le site web.<br data-start=\"3847\" data-end=\"3850\" \/>Il est conseill\u00e9 aux utilisateurs de consulter r\u00e9guli\u00e8rement cette politique.<\/p><hr data-start=\"3918\" data-end=\"3921\" \/><h3 data-start=\"3923\" data-end=\"3962\">Informations sur le propri\u00e9taire du site Web<\/h3><p data-start=\"3964\" data-end=\"4173\"><strong data-start=\"3964\" data-end=\"3976\">Titulaire:<\/strong> Association des acteurs francophones d&#039;Espagne (AAFE)<br data-start=\"4027\" data-end=\"4030\" \/><strong data-start=\"4030\" data-end=\"4038\">NIF\u00a0:<\/strong> G21756614<br data-start=\"4048\" data-end=\"4051\" \/><strong data-start=\"4051\" data-end=\"4074\">E-mail:<\/strong> <a class=\"decorated-link cursor-pointer\" rel=\"noopener\" data-start=\"4075\" data-end=\"4097\">act.fran.esp@gmail.com<\/a><br data-start=\"4097\" data-end=\"4100\" \/><strong data-start=\"4100\" data-end=\"4114\">Adresse:<\/strong> Carrer del doctor Bov\u00e9 108, Entres\u00f2l 3a, 08032 Barcelone<\/p>\t\t\t\t\t\t<\/div>\n\t\t\t\t<\/div>\n\t\t\t\t\t<\/div>\n\t\t\t\t<\/div>\n\t\t\t\t\t\t\t<\/div>","protected":false},"excerpt":{"rendered":"<p>Politique relative aux cookies Sur actoresfrancofonos.com, nous utilisons des cookies pour am\u00e9liorer votre exp\u00e9rience de navigation, analyser l&#039;utilisation du site et garantir son bon fonctionnement. En acc\u00e9dant \u00e0 ce site, vous pouvez accepter, refuser ou configurer l&#039;utilisation des cookies via la banni\u00e8re ou le panneau de param\u00e8tres disponibles.<\/p>","protected":false},"author":1,"featured_media":0,"parent":0,"menu_order":0,"comment_status":"closed","ping_status":"closed","template":"","meta":{"footnotes":""},"class_list":["post-410","page","type-page","status-publish","hentry"],"_links":{"self":[{"href":"https:\/\/actoresfrancofonos.com\/fr\/wp-json\/wp\/v2\/pages\/410","targetHints":{"allow":["GET"]}}],"collection":[{"href":"https:\/\/actoresfrancofonos.com\/fr\/wp-json\/wp\/v2\/pages"}],"about":[{"href":"https:\/\/actoresfrancofonos.com\/fr\/wp-json\/wp\/v2\/types\/page"}],"author":[{"embeddable":true,"href":"https:\/\/actoresfrancofonos.com\/fr\/wp-json\/wp\/v2\/users\/1"}],"replies":[{"embeddable":true,"href":"https:\/\/actoresfrancofonos.com\/fr\/wp-json\/wp\/v2\/comments?post=410"}],"version-history":[{"count":5,"href":"https:\/\/actoresfrancofonos.com\/fr\/wp-json\/wp\/v2\/pages\/410\/revisions"}],"predecessor-version":[{"id":417,"href":"https:\/\/actoresfrancofonos.com\/fr\/wp-json\/wp\/v2\/pages\/410\/revisions\/417"}],"wp:attachment":[{"href":"https:\/\/actoresfrancofonos.com\/fr\/wp-json\/wp\/v2\/media?parent=410"}],"curies":[{"name":"wp","href":"https:\/\/api.w.org\/{rel}","templated":true}]}}