{"id":58,"date":"2025-12-29T17:02:22","date_gmt":"2025-12-29T17:02:22","guid":{"rendered":"https:\/\/actoresfrancofonos.com\/?page_id=58"},"modified":"2026-01-19T12:09:40","modified_gmt":"2026-01-19T12:09:40","slug":"comment-ca-marche","status":"publish","type":"page","link":"https:\/\/actoresfrancofonos.com\/fr\/comment-ca-marche\/","title":{"rendered":"Comment \u00e7a marche"},"content":{"rendered":"<div data-elementor-type=\"wp-page\" data-elementor-id=\"58\" class=\"elementor elementor-58\" data-elementor-post-type=\"page\">\n\t\t\t\t\t\t\t<div class=\"elementor-element elementor-element-38262e2 e-con-full e-flex e-con e-parent\" data-id=\"38262e2\" data-element_type=\"container\" data-settings=\"{&quot;content_width&quot;:&quot;full&quot;,&quot;container_type&quot;:&quot;flex&quot;}\" data-core-v316-plus=\"true\">\n\t\t<div class=\"elementor-element elementor-element-ef1d1de e-con-full e-flex e-con e-child\" data-id=\"ef1d1de\" data-element_type=\"container\" data-settings=\"{&quot;content_width&quot;:&quot;full&quot;,&quot;container_type&quot;:&quot;flex&quot;}\">\n\t\t\t\t<div class=\"elementor-element elementor-element-617e576 elementor-widget elementor-widget-heading\" data-id=\"617e576\" data-element_type=\"widget\" data-widget_type=\"heading.default\">\n\t\t\t\t<div class=\"elementor-widget-container\">\n\t\t\t<style>\/*! elementor - v3.17.0 - 08-11-2023 *\/\n.elementor-heading-title{padding:0;margin:0;line-height:1}.elementor-widget-heading .elementor-heading-title[class*=elementor-size-]>a{color:inherit;font-size:inherit;line-height:inherit}.elementor-widget-heading .elementor-heading-title.elementor-size-small{font-size:15px}.elementor-widget-heading .elementor-heading-title.elementor-size-medium{font-size:19px}.elementor-widget-heading .elementor-heading-title.elementor-size-large{font-size:29px}.elementor-widget-heading .elementor-heading-title.elementor-size-xl{font-size:39px}.elementor-widget-heading .elementor-heading-title.elementor-size-xxl{font-size:59px}<\/style><h2 class=\"elementor-heading-title elementor-size-default\">Comment \u00e7a marche\u00a0:<\/h2>\t\t<\/div>\n\t\t\t\t<\/div>\n\t\t\t\t<div class=\"elementor-element elementor-element-dd0812a elementor-widget elementor-widget-n-accordion\" data-id=\"dd0812a\" data-element_type=\"widget\" data-settings=\"{&quot;default_state&quot;:&quot;expanded&quot;,&quot;max_items_expended&quot;:&quot;one&quot;,&quot;n_accordion_animation_duration&quot;:{&quot;unit&quot;:&quot;ms&quot;,&quot;size&quot;:400,&quot;sizes&quot;:[]}}\" data-widget_type=\"nested-accordion.default\">\n\t\t\t\t<div class=\"elementor-widget-container\">\n\t\t\t\t\t<div class=\"e-n-accordion\" aria-label=\"Accord\u00e9on. Ouvrez les liens avec Entr\u00e9e ou Espace, fermez-les avec \u00c9chap et naviguez avec les fl\u00e8ches directionnelles.\">\n\t\t\t\t\t\t<details id=\"e-n-accordion-item-2310\" class=\"e-n-accordion-item\" open>\n\t\t\t\t<summary class=\"e-n-accordion-item-title\" role=\"button\" data-accordion-index=\"1\" tabindex=\"0\" aria-expanded=\"true\" aria-controls=\"e-n-accordion-item-2310\" >\n\t\t\t\t\t<span class='e-n-accordion-item-title-header'><div class=\"e-n-accordion-item-title-text\"> Comment \u00e7a marche ? <\/div><\/span>\n\t\t\t\t\t\t\t<span class='e-n-accordion-item-title-icon'>\n\t\t\t<span class='e-opened' ><i aria-hidden=\"true\" class=\"fas fa-minus\"><\/i><\/span>\n\t\t\t<span class='e-closed'><i aria-hidden=\"true\" class=\"fas fa-plus\"><\/i><\/span>\n\t\t<\/span>\n\n\t\t\t\t\t\t<\/summary>\n\t\t\t\t<div role=\"region\" aria-labelledby=\"e-n-accordion-item-2310\" class=\"elementor-element elementor-element-b420781 e-con-full e-flex e-con e-child\" data-id=\"b420781\" data-element_type=\"container\" data-settings=\"{&quot;content_width&quot;:&quot;full&quot;,&quot;container_type&quot;:&quot;flex&quot;}\">\n\t\t\t\t<div class=\"elementor-element elementor-element-6a59ae0 elementor-widget elementor-widget-text-editor\" data-id=\"6a59ae0\" data-element_type=\"widget\" data-widget_type=\"text-editor.default\">\n\t\t\t\t<div class=\"elementor-widget-container\">\n\t\t\t<style>\/*! elementor - v3.17.0 - 08-11-2023 *\/\n.elementor-widget-text-editor.elementor-drop-cap-view-stacked .elementor-drop-cap{background-color:#69727d;color:#fff}.elementor-widget-text-editor.elementor-drop-cap-view-framed .elementor-drop-cap{color:#69727d;border:3px solid;background-color:transparent}.elementor-widget-text-editor:not(.elementor-drop-cap-view-default) .elementor-drop-cap{margin-top:8px}.elementor-widget-text-editor:not(.elementor-drop-cap-view-default) .elementor-drop-cap-letter{width:1em;height:1em}.elementor-widget-text-editor .elementor-drop-cap{float:left;text-align:center;line-height:1;font-size:50px}.elementor-widget-text-editor .elementor-drop-cap-letter{display:inline-block}<\/style>\t\t\t\t<p><span style=\"font-weight: 400;\">Le <strong>Association des acteurs francophones en Espagne<\/strong> L\u2019AAFE est une initiative n\u00e9e spontan\u00e9ment de ses membres, con\u00e7ue pour les servir directement. Son fonctionnement repose sur la participation active et volontaire de la communaut\u00e9.<\/span><\/p><p><span style=\"font-weight: 400;\">En tant qu&#039;association \u00e0 but non lucratif, son objectif n&#039;est pas d&#039;agir comme une agence ou de repr\u00e9senter individuellement ses membres, mais de donner de la visibilit\u00e9 aux talents professionnels francophones du secteur audiovisuel en Espagne, en favorisant les \u00e9changes, la collaboration et le d\u00e9veloppement collectif.<\/span><\/p>\t\t\t\t\t\t<\/div>\n\t\t\t\t<\/div>\n\t\t\t\t<\/div>\n\t\t\t\t\t<\/details>\n\t\t\t\t\t\t<details id=\"e-n-accordion-item-2311\" class=\"e-n-accordion-item\" >\n\t\t\t\t<summary class=\"e-n-accordion-item-title\" role=\"button\" data-accordion-index=\"2\" tabindex=\"-1\" aria-expanded=\"false\" aria-controls=\"e-n-accordion-item-2311\" >\n\t\t\t\t\t<span class='e-n-accordion-item-title-header'><div class=\"e-n-accordion-item-title-text\"> Vous recherchez des talents francophones ? <\/div><\/span>\n\t\t\t\t\t\t\t<span class='e-n-accordion-item-title-icon'>\n\t\t\t<span class='e-opened' ><i aria-hidden=\"true\" class=\"fas fa-minus\"><\/i><\/span>\n\t\t\t<span class='e-closed'><i aria-hidden=\"true\" class=\"fas fa-plus\"><\/i><\/span>\n\t\t<\/span>\n\n\t\t\t\t\t\t<\/summary>\n\t\t\t\t<div role=\"region\" aria-labelledby=\"e-n-accordion-item-2311\" class=\"elementor-element elementor-element-492f532 e-con-full e-flex e-con e-child\" data-id=\"492f532\" data-element_type=\"container\" data-settings=\"{&quot;content_width&quot;:&quot;full&quot;,&quot;container_type&quot;:&quot;flex&quot;}\">\n\t\t\t\t<div class=\"elementor-element elementor-element-74dafca elementor-widget elementor-widget-text-editor\" data-id=\"74dafca\" data-element_type=\"widget\" data-widget_type=\"text-editor.default\">\n\t\t\t\t<div class=\"elementor-widget-container\">\n\t\t\t\t\t\t\t<p><span style=\"font-weight: 400;\">Sur notre plateforme, vous trouverez des professionnels francophones ayant une exp\u00e9rience dans la fiction, la publicit\u00e9, le th\u00e9\u00e2tre, le doublage et d&#039;autres secteurs du domaine audiovisuel.<\/span><\/p><p><span style=\"font-weight: 400;\">Tous nos membres poss\u00e8dent un niveau de fran\u00e7ais courant (niveau C1 minimum ou langue maternelle), ainsi qu&#039;un DNI\/NIE et un num\u00e9ro de s\u00e9curit\u00e9 sociale, ce qui permet une embauche imm\u00e9diate en Espagne.<\/span><\/p><p><span style=\"font-weight: 400;\">Utilisez notre moteur de recherche \u00e0 filtres multiples pour trouver le profil qui correspond le mieux \u00e0 vos besoins.<\/span><\/p>\t\t\t\t\t\t<\/div>\n\t\t\t\t<\/div>\n\t\t\t\t<div class=\"elementor-element elementor-element-8938c2b elementor-widget elementor-widget-button\" data-id=\"8938c2b\" data-element_type=\"widget\" data-widget_type=\"button.default\">\n\t\t\t\t<div class=\"elementor-widget-container\">\n\t\t\t\t\t<div class=\"elementor-button-wrapper\">\n\t\t\t<a class=\"elementor-button elementor-button-link elementor-size-sm elementor-animation-grow\" href=\"https:\/\/actoresfrancofonos.com\/fr\/talents\/\">\n\t\t\t\t\t\t<span class=\"elementor-button-content-wrapper\">\n\t\t\t\t\t\t<span class=\"elementor-button-text\">Recherche de talents<\/span>\n\t\t<\/span>\n\t\t\t\t\t<\/a>\n\t\t<\/div>\n\t\t\t\t<\/div>\n\t\t\t\t<\/div>\n\t\t\t\t<div class=\"elementor-element elementor-element-cb2801d elementor-widget elementor-widget-text-editor\" data-id=\"cb2801d\" data-element_type=\"widget\" data-widget_type=\"text-editor.default\">\n\t\t\t\t<div class=\"elementor-widget-container\">\n\t\t\t\t\t\t\tCette plateforme n&#039;est pas une agence. Le contact doit \u00eatre \u00e9tabli directement avec le professionnel ou son repr\u00e9sentant, en utilisant les informations disponibles sur son profil. Ni l&#039;association ni la plateforme n&#039;interviennent en tant qu&#039;interm\u00e9diaires et ne r\u00e9pondront \u00e0 ce type de demandes.\n\t\t\t\t\t\t<\/div>\n\t\t\t\t<\/div>\n\t\t\t\t<\/div>\n\t\t\t\t\t<\/details>\n\t\t\t\t\t\t<details id=\"e-n-accordion-item-2312\" class=\"e-n-accordion-item\" >\n\t\t\t\t<summary class=\"e-n-accordion-item-title\" role=\"button\" data-accordion-index=\"3\" tabindex=\"-1\" aria-expanded=\"false\" aria-controls=\"e-n-accordion-item-2312\" >\n\t\t\t\t\t<span class='e-n-accordion-item-title-header'><div class=\"e-n-accordion-item-title-text\"> Souhaitez-vous faire partie de l&#039;AAFE en tant que talent francophone ? <\/div><\/span>\n\t\t\t\t\t\t\t<span class='e-n-accordion-item-title-icon'>\n\t\t\t<span class='e-opened' ><i aria-hidden=\"true\" class=\"fas fa-minus\"><\/i><\/span>\n\t\t\t<span class='e-closed'><i aria-hidden=\"true\" class=\"fas fa-plus\"><\/i><\/span>\n\t\t<\/span>\n\n\t\t\t\t\t\t<\/summary>\n\t\t\t\t<div role=\"region\" aria-labelledby=\"e-n-accordion-item-2312\" class=\"elementor-element elementor-element-9f330d4 e-con-full e-flex e-con e-child\" data-id=\"9f330d4\" data-element_type=\"container\" data-settings=\"{&quot;content_width&quot;:&quot;full&quot;,&quot;container_type&quot;:&quot;flex&quot;}\">\n\t\t\t\t<div class=\"elementor-element elementor-element-1ef2c7e elementor-widget elementor-widget-text-editor\" data-id=\"1ef2c7e\" data-element_type=\"widget\" data-widget_type=\"text-editor.default\">\n\t\t\t\t<div class=\"elementor-widget-container\">\n\t\t\t\t\t\t\t<p><span style=\"font-weight: 400;\">Si vous \u00eates un acteur ou une actrice francophone vivant en Espagne et travaillant dans la fiction, la publicit\u00e9, le th\u00e9\u00e2tre ou le doublage, notre communaut\u00e9 vous attend\u00a0! Notre objectif est d\u2019accro\u00eetre la visibilit\u00e9 de notre communaut\u00e9, de cr\u00e9er de v\u00e9ritables synergies et de cr\u00e9er ensemble.<\/span><\/p><p><span style=\"font-weight: 400;\">Figurer sur notre site web signifie devenir membre de l&#039;association. Disposer d&#039;une structure juridique nous permet d&#039;agir avec plus d&#039;efficacit\u00e9, de d\u00e9fendre les int\u00e9r\u00eats communs de nos membres et de cr\u00e9er de nouvelles opportunit\u00e9s de collaboration.<\/span><\/p>\t\t\t\t\t\t<\/div>\n\t\t\t\t<\/div>\n\t\t\t\t<div class=\"elementor-element elementor-element-a4d7fd5 elementor-widget elementor-widget-button\" data-id=\"a4d7fd5\" data-element_type=\"widget\" data-widget_type=\"button.default\">\n\t\t\t\t<div class=\"elementor-widget-container\">\n\t\t\t\t\t<div class=\"elementor-button-wrapper\">\n\t\t\t<a class=\"elementor-button elementor-button-link elementor-size-sm elementor-animation-grow\" href=\"http:\/\/actoresfrancofonos.com\/wp-content\/uploads\/2026\/01\/Estatutos-AAFE.docx_signed.pdf\" target=\"_blank\">\n\t\t\t\t\t\t<span class=\"elementor-button-content-wrapper\">\n\t\t\t\t\t\t<span class=\"elementor-button-text\">Voir les statuts de l&#039;AAFE<\/span>\n\t\t<\/span>\n\t\t\t\t\t<\/a>\n\t\t<\/div>\n\t\t\t\t<\/div>\n\t\t\t\t<\/div>\n\t\t\t\t<div class=\"elementor-element elementor-element-736218b elementor-widget elementor-widget-text-editor\" data-id=\"736218b\" data-element_type=\"widget\" data-widget_type=\"text-editor.default\">\n\t\t\t\t<div class=\"elementor-widget-container\">\n\t\t\t\t\t\t\t<p data-start=\"583\" data-end=\"668\"><span style=\"font-weight: 400;\">\ud83d\udce9<\/span><span style=\"font-weight: 400;\"> Envoyez-nous un courriel et nous vous expliquerons comment vous inscrire et figurer sur le site web\u00a0:<\/span><\/p>\t\t\t\t\t\t<\/div>\n\t\t\t\t<\/div>\n\t\t\t\t<div class=\"elementor-element elementor-element-34c06da elementor-widget elementor-widget-button\" data-id=\"34c06da\" data-element_type=\"widget\" data-widget_type=\"button.default\">\n\t\t\t\t<div class=\"elementor-widget-container\">\n\t\t\t\t\t<div class=\"elementor-button-wrapper\">\n\t\t\t<a class=\"elementor-button elementor-button-link elementor-size-sm elementor-animation-grow\" href=\"mailto:act.fran.esp@gmail.com\" target=\"_blank\">\n\t\t\t\t\t\t<span class=\"elementor-button-content-wrapper\">\n\t\t\t\t\t\t<span class=\"elementor-button-text\">Je veux participer !<\/span>\n\t\t<\/span>\n\t\t\t\t\t<\/a>\n\t\t<\/div>\n\t\t\t\t<\/div>\n\t\t\t\t<\/div>\n\t\t\t\t<\/div>\n\t\t\t\t\t<\/details>\n\t\t\t\t\t\t<details id=\"e-n-accordion-item-2313\" class=\"e-n-accordion-item\" >\n\t\t\t\t<summary class=\"e-n-accordion-item-title\" role=\"button\" data-accordion-index=\"4\" tabindex=\"-1\" aria-expanded=\"false\" aria-controls=\"e-n-accordion-item-2313\" >\n\t\t\t\t\t<span class='e-n-accordion-item-title-header'><div class=\"e-n-accordion-item-title-text\"> Souhaitez-vous collaborer avec nous ? <\/div><\/span>\n\t\t\t\t\t\t\t<span class='e-n-accordion-item-title-icon'>\n\t\t\t<span class='e-opened' ><i aria-hidden=\"true\" class=\"fas fa-minus\"><\/i><\/span>\n\t\t\t<span class='e-closed'><i aria-hidden=\"true\" class=\"fas fa-plus\"><\/i><\/span>\n\t\t<\/span>\n\n\t\t\t\t\t\t<\/summary>\n\t\t\t\t<div role=\"region\" aria-labelledby=\"e-n-accordion-item-2313\" class=\"elementor-element elementor-element-3b737f7 e-con-full e-flex e-con e-child\" data-id=\"3b737f7\" data-element_type=\"container\" data-settings=\"{&quot;content_width&quot;:&quot;full&quot;,&quot;container_type&quot;:&quot;flex&quot;}\">\n\t\t\t\t<div class=\"elementor-element elementor-element-a60ca70 elementor-widget elementor-widget-text-editor\" data-id=\"a60ca70\" data-element_type=\"widget\" data-widget_type=\"text-editor.default\">\n\t\t\t\t<div class=\"elementor-widget-container\">\n\t\t\t\t\t\t\t<p><span style=\"font-weight: 400;\">Notre mission est de promouvoir la langue et les cultures francophones en Espagne, en cr\u00e9ant des ponts entre les talents francophones et les entit\u00e9s int\u00e9ress\u00e9es par le d\u00e9veloppement de projets communs.<\/span><\/p><p><span style=\"font-weight: 400;\">Nous recherchons des collaborations qui profitent aux deux parties et enrichissent le paysage culturel et professionnel.<\/span><\/p><p><span style=\"font-weight: 400;\">Formes possibles de collaboration\u00a0:<\/span><b><\/b><\/p><ul><li aria-level=\"1\"><b>Parrainage et soutien institutionnel<\/b><\/li><\/ul><p><span style=\"font-weight: 400;\">Si vous souhaitez nous sponsoriser ou collaborer de quelque mani\u00e8re que ce soit, nous serions ravis d&#039;explorer les possibilit\u00e9s de collaboration.<\/span><b><\/b><\/p><ul><li aria-level=\"1\"><b>Organisation d&#039;\u00e9v\u00e9nements communs<\/b><\/li><\/ul><p>\u00a0<\/p><p><span style=\"font-weight: 400;\">Nous participons \u00e0 des activit\u00e9s qui promeuvent les cultures francophones et mettent en relation les professionnels, les cr\u00e9ateurs et les passionn\u00e9s du secteur.<\/span><\/p><p><span style=\"font-weight: 400;\">Si vous partagez notre vision et souhaitez soutenir notre travail, nous serions ravis de recevoir votre candidature.<\/span><\/p><p><span style=\"font-weight: 400;\">Nous sommes ouverts aux propositions qui promeuvent de nouveaux projets et renforcent la diffusion de la culture francophone en Espagne.<\/span><\/p>\t\t\t\t\t\t<\/div>\n\t\t\t\t<\/div>\n\t\t\t\t<div class=\"elementor-element elementor-element-7fc5c7c elementor-widget elementor-widget-button\" data-id=\"7fc5c7c\" data-element_type=\"widget\" data-widget_type=\"button.default\">\n\t\t\t\t<div class=\"elementor-widget-container\">\n\t\t\t\t\t<div class=\"elementor-button-wrapper\">\n\t\t\t<a class=\"elementor-button elementor-button-link elementor-size-sm elementor-animation-grow\" href=\"https:\/\/actoresfrancofonos.com\/fr\/contact\/\">\n\t\t\t\t\t\t<span class=\"elementor-button-content-wrapper\">\n\t\t\t\t\t\t<span class=\"elementor-button-text\">Contactez-nous<\/span>\n\t\t<\/span>\n\t\t\t\t\t<\/a>\n\t\t<\/div>\n\t\t\t\t<\/div>\n\t\t\t\t<\/div>\n\t\t\t\t<\/div>\n\t\t\t\t\t<\/details>\n\t\t\t\t\t<\/div>\n\t\t\t\t<\/div>\n\t\t\t\t<\/div>\n\t\t\t\t<\/div>\n\t\t<div class=\"elementor-element elementor-element-2c13036 e-con-full e-flex e-con e-child\" data-id=\"2c13036\" data-element_type=\"container\" data-settings=\"{&quot;content_width&quot;:&quot;full&quot;,&quot;container_type&quot;:&quot;flex&quot;}\">\n\t\t\t\t<div class=\"elementor-element elementor-element-4216c19 elementor-widget elementor-widget-image\" data-id=\"4216c19\" data-element_type=\"widget\" data-widget_type=\"image.default\">\n\t\t\t\t<div class=\"elementor-widget-container\">\n\t\t\t<style>\/*! elementor - v3.17.0 - 08-11-2023 *\/\n.elementor-widget-image{text-align:center}.elementor-widget-image a{display:inline-block}.elementor-widget-image a img[src$=\".svg\"]{width:48px}.elementor-widget-image img{vertical-align:middle;display:inline-block}<\/style>\t\t\t\t\t\t\t\t\t\t\t\t<img fetchpriority=\"high\" decoding=\"async\" width=\"1024\" height=\"1024\" src=\"https:\/\/actoresfrancofonos.com\/wp-content\/uploads\/2026\/01\/Como-funciona-1-1024x1024.jpg\" class=\"attachment-large size-large wp-image-629\" alt=\"\" srcset=\"https:\/\/actoresfrancofonos.com\/wp-content\/uploads\/2026\/01\/Como-funciona-1-1024x1024.jpg 1024w, https:\/\/actoresfrancofonos.com\/wp-content\/uploads\/2026\/01\/Como-funciona-1-300x300.jpg 300w, https:\/\/actoresfrancofonos.com\/wp-content\/uploads\/2026\/01\/Como-funciona-1-150x150.jpg 150w, https:\/\/actoresfrancofonos.com\/wp-content\/uploads\/2026\/01\/Como-funciona-1-768x768.jpg 768w, https:\/\/actoresfrancofonos.com\/wp-content\/uploads\/2026\/01\/Como-funciona-1-1536x1536.jpg 1536w, https:\/\/actoresfrancofonos.com\/wp-content\/uploads\/2026\/01\/Como-funciona-1-2048x2048.jpg 2048w\" sizes=\"(max-width: 1024px) 100vw, 1024px\" \/>\t\t\t\t\t\t\t\t\t\t\t\t\t\t\t<\/div>\n\t\t\t\t<\/div>\n\t\t\t\t<\/div>\n\t\t\t\t<\/div>\n\t\t\t\t\t\t\t<\/div>","protected":false},"excerpt":{"rendered":"<p>C\u00f3mo funciona: \u00bfC\u00f3mo funciona? La Asociaci\u00f3n de Actores Franc\u00f3fonos en Espa\u00f1a (AAFE) es una iniciativa nacida de forma espont\u00e1nea por parte de sus propios miembros, pensada para servirlos directamente. Su funcionamiento se basa en la participaci\u00f3n activa y voluntaria de la comunidad. Como asociaci\u00f3n sin \u00e1nimo de lucro, su objetivo no es actuar como agencia [&hellip;]<\/p>","protected":false},"author":1,"featured_media":0,"parent":0,"menu_order":0,"comment_status":"closed","ping_status":"closed","template":"","meta":{"footnotes":""},"class_list":["post-58","page","type-page","status-publish","hentry"],"_links":{"self":[{"href":"https:\/\/actoresfrancofonos.com\/fr\/wp-json\/wp\/v2\/pages\/58","targetHints":{"allow":["GET"]}}],"collection":[{"href":"https:\/\/actoresfrancofonos.com\/fr\/wp-json\/wp\/v2\/pages"}],"about":[{"href":"https:\/\/actoresfrancofonos.com\/fr\/wp-json\/wp\/v2\/types\/page"}],"author":[{"embeddable":true,"href":"https:\/\/actoresfrancofonos.com\/fr\/wp-json\/wp\/v2\/users\/1"}],"replies":[{"embeddable":true,"href":"https:\/\/actoresfrancofonos.com\/fr\/wp-json\/wp\/v2\/comments?post=58"}],"version-history":[{"count":5,"href":"https:\/\/actoresfrancofonos.com\/fr\/wp-json\/wp\/v2\/pages\/58\/revisions"}],"predecessor-version":[{"id":848,"href":"https:\/\/actoresfrancofonos.com\/fr\/wp-json\/wp\/v2\/pages\/58\/revisions\/848"}],"wp:attachment":[{"href":"https:\/\/actoresfrancofonos.com\/fr\/wp-json\/wp\/v2\/media?parent=58"}],"curies":[{"name":"wp","href":"https:\/\/api.w.org\/{rel}","templated":true}]}}