{"id":61,"date":"2025-12-29T17:02:42","date_gmt":"2025-12-29T17:02:42","guid":{"rendered":"https:\/\/actoresfrancofonos.com\/?page_id=61"},"modified":"2026-01-13T11:22:03","modified_gmt":"2026-01-13T11:22:03","slug":"qui-nous-sommes","status":"publish","type":"page","link":"https:\/\/actoresfrancofonos.com\/fr\/qui-nous-sommes\/","title":{"rendered":"Qui sommes-nous ?"},"content":{"rendered":"<div data-elementor-type=\"wp-page\" data-elementor-id=\"61\" class=\"elementor elementor-61\" data-elementor-post-type=\"page\">\n\t\t\t\t\t\t\t<div class=\"elementor-element elementor-element-6d7c8c1 e-con-full e-flex e-con e-parent\" data-id=\"6d7c8c1\" data-element_type=\"container\" data-settings=\"{&quot;content_width&quot;:&quot;full&quot;,&quot;container_type&quot;:&quot;flex&quot;}\" data-core-v316-plus=\"true\">\n\t\t<div class=\"elementor-element elementor-element-9d018a0 e-con-full e-flex e-con e-child\" data-id=\"9d018a0\" data-element_type=\"container\" data-settings=\"{&quot;content_width&quot;:&quot;full&quot;,&quot;container_type&quot;:&quot;flex&quot;}\">\n\t\t\t\t<div class=\"elementor-element elementor-element-8628fee elementor-widget elementor-widget-heading\" data-id=\"8628fee\" data-element_type=\"widget\" data-widget_type=\"heading.default\">\n\t\t\t\t<div class=\"elementor-widget-container\">\n\t\t\t<style>\/*! elementor - v3.17.0 - 08-11-2023 *\/\n.elementor-heading-title{padding:0;margin:0;line-height:1}.elementor-widget-heading .elementor-heading-title[class*=elementor-size-]>a{color:inherit;font-size:inherit;line-height:inherit}.elementor-widget-heading .elementor-heading-title.elementor-size-small{font-size:15px}.elementor-widget-heading .elementor-heading-title.elementor-size-medium{font-size:19px}.elementor-widget-heading .elementor-heading-title.elementor-size-large{font-size:29px}.elementor-widget-heading .elementor-heading-title.elementor-size-xl{font-size:39px}.elementor-widget-heading .elementor-heading-title.elementor-size-xxl{font-size:59px}<\/style><h2 class=\"elementor-heading-title elementor-size-default\">Qui sommes-nous\u00a0:<\/h2>\t\t<\/div>\n\t\t\t\t<\/div>\n\t\t\t\t<div class=\"elementor-element elementor-element-adfa896 elementor-widget elementor-widget-n-accordion\" data-id=\"adfa896\" data-element_type=\"widget\" data-settings=\"{&quot;default_state&quot;:&quot;expanded&quot;,&quot;max_items_expended&quot;:&quot;one&quot;,&quot;n_accordion_animation_duration&quot;:{&quot;unit&quot;:&quot;ms&quot;,&quot;size&quot;:400,&quot;sizes&quot;:[]}}\" data-widget_type=\"nested-accordion.default\">\n\t\t\t\t<div class=\"elementor-widget-container\">\n\t\t\t\t\t<div class=\"e-n-accordion\" aria-label=\"Accord\u00e9on. Ouvrez les liens avec Entr\u00e9e ou Espace, fermez-les avec \u00c9chap et naviguez avec les fl\u00e8ches directionnelles.\">\n\t\t\t\t\t\t<details id=\"e-n-accordion-item-1820\" class=\"e-n-accordion-item\" open>\n\t\t\t\t<summary class=\"e-n-accordion-item-title\" role=\"button\" data-accordion-index=\"1\" tabindex=\"0\" aria-expanded=\"true\" aria-controls=\"e-n-accordion-item-1820\" >\n\t\t\t\t\t<span class='e-n-accordion-item-title-header'><div class=\"e-n-accordion-item-title-text\"> Comment AAFE a-t-il \u00e9t\u00e9 cr\u00e9\u00e9 ? <\/div><\/span>\n\t\t\t\t\t\t\t<span class='e-n-accordion-item-title-icon'>\n\t\t\t<span class='e-opened' ><i aria-hidden=\"true\" class=\"fas fa-minus\"><\/i><\/span>\n\t\t\t<span class='e-closed'><i aria-hidden=\"true\" class=\"fas fa-plus\"><\/i><\/span>\n\t\t<\/span>\n\n\t\t\t\t\t\t<\/summary>\n\t\t\t\t<div role=\"region\" aria-labelledby=\"e-n-accordion-item-1820\" class=\"elementor-element elementor-element-9b2a536 e-con-full e-flex e-con e-child\" data-id=\"9b2a536\" data-element_type=\"container\" data-settings=\"{&quot;content_width&quot;:&quot;full&quot;,&quot;container_type&quot;:&quot;flex&quot;}\">\n\t\t\t\t<div class=\"elementor-element elementor-element-740f1a8 elementor-widget elementor-widget-text-editor\" data-id=\"740f1a8\" data-element_type=\"widget\" data-widget_type=\"text-editor.default\">\n\t\t\t\t<div class=\"elementor-widget-container\">\n\t\t\t<style>\/*! elementor - v3.17.0 - 08-11-2023 *\/\n.elementor-widget-text-editor.elementor-drop-cap-view-stacked .elementor-drop-cap{background-color:#69727d;color:#fff}.elementor-widget-text-editor.elementor-drop-cap-view-framed .elementor-drop-cap{color:#69727d;border:3px solid;background-color:transparent}.elementor-widget-text-editor:not(.elementor-drop-cap-view-default) .elementor-drop-cap{margin-top:8px}.elementor-widget-text-editor:not(.elementor-drop-cap-view-default) .elementor-drop-cap-letter{width:1em;height:1em}.elementor-widget-text-editor .elementor-drop-cap{float:left;text-align:center;line-height:1;font-size:50px}.elementor-widget-text-editor .elementor-drop-cap-letter{display:inline-block}<\/style>\t\t\t\t<p><span style=\"font-weight: 400;\">Le <strong>Association des acteurs francophones en Espagne<\/strong> (AAFE) est n\u00e9e en 2022 d&#039;un groupe de discussion qui r\u00e9unit des actrices, des acteurs et d&#039;autres professionnels francophones du secteur audiovisuel et des arts du spectacle bas\u00e9s \u00e0 Barcelone.<\/span><\/p><p><span style=\"font-weight: 400;\">Initi\u00e9e par l&#039;actrice Lisa Milet, cette initiative vise \u00e0 cr\u00e9er un solide r\u00e9seau de collaboration et d&#039;entraide, favorisant une pratique professionnelle connect\u00e9e qui enrichit le d\u00e9veloppement individuel et collectif.<\/span><\/p>\t\t\t\t\t\t<\/div>\n\t\t\t\t<\/div>\n\t\t\t\t<\/div>\n\t\t\t\t\t<\/details>\n\t\t\t\t\t\t<details id=\"e-n-accordion-item-1821\" class=\"e-n-accordion-item\" >\n\t\t\t\t<summary class=\"e-n-accordion-item-title\" role=\"button\" data-accordion-index=\"2\" tabindex=\"-1\" aria-expanded=\"false\" aria-controls=\"e-n-accordion-item-1821\" >\n\t\t\t\t\t<span class='e-n-accordion-item-title-header'><div class=\"e-n-accordion-item-title-text\"> Nos valeurs <\/div><\/span>\n\t\t\t\t\t\t\t<span class='e-n-accordion-item-title-icon'>\n\t\t\t<span class='e-opened' ><i aria-hidden=\"true\" class=\"fas fa-minus\"><\/i><\/span>\n\t\t\t<span class='e-closed'><i aria-hidden=\"true\" class=\"fas fa-plus\"><\/i><\/span>\n\t\t<\/span>\n\n\t\t\t\t\t\t<\/summary>\n\t\t\t\t<div role=\"region\" aria-labelledby=\"e-n-accordion-item-1821\" class=\"elementor-element elementor-element-7a0b2d2 e-con-full e-flex e-con e-child\" data-id=\"7a0b2d2\" data-element_type=\"container\" data-settings=\"{&quot;content_width&quot;:&quot;full&quot;,&quot;container_type&quot;:&quot;flex&quot;}\">\n\t\t\t\t<div class=\"elementor-element elementor-element-a95bb14 elementor-widget elementor-widget-text-editor\" data-id=\"a95bb14\" data-element_type=\"widget\" data-widget_type=\"text-editor.default\">\n\t\t\t\t<div class=\"elementor-widget-container\">\n\t\t\t\t\t\t\t<p><span style=\"font-weight: 400;\">En tant que communaut\u00e9, nous sommes fond\u00e9s sur la camaraderie, l&#039;\u00e9change d&#039;informations utiles (telles que des offres d&#039;emploi, la promotion de spectacles ou d&#039;id\u00e9es cr\u00e9atives) et le soutien mutuel lors de processus tels que les castings ou les projets en d\u00e9veloppement.<\/span><\/p><p><span style=\"font-weight: 400;\">Nous encourageons la collaboration active entre nos membres, dans le but de promouvoir des initiatives communes et de renforcer le r\u00e9seau professionnel francophone en Espagne.<\/span><\/p>\t\t\t\t\t\t<\/div>\n\t\t\t\t<\/div>\n\t\t\t\t<\/div>\n\t\t\t\t\t<\/details>\n\t\t\t\t\t\t<details id=\"e-n-accordion-item-1822\" class=\"e-n-accordion-item\" >\n\t\t\t\t<summary class=\"e-n-accordion-item-title\" role=\"button\" data-accordion-index=\"3\" tabindex=\"-1\" aria-expanded=\"false\" aria-controls=\"e-n-accordion-item-1822\" >\n\t\t\t\t\t<span class='e-n-accordion-item-title-header'><div class=\"e-n-accordion-item-title-text\"> Nous grandissons <\/div><\/span>\n\t\t\t\t\t\t\t<span class='e-n-accordion-item-title-icon'>\n\t\t\t<span class='e-opened' ><i aria-hidden=\"true\" class=\"fas fa-minus\"><\/i><\/span>\n\t\t\t<span class='e-closed'><i aria-hidden=\"true\" class=\"fas fa-plus\"><\/i><\/span>\n\t\t<\/span>\n\n\t\t\t\t\t\t<\/summary>\n\t\t\t\t<div role=\"region\" aria-labelledby=\"e-n-accordion-item-1822\" class=\"elementor-element elementor-element-b31f68c e-con-full e-flex e-con e-child\" data-id=\"b31f68c\" data-element_type=\"container\" data-settings=\"{&quot;content_width&quot;:&quot;full&quot;,&quot;container_type&quot;:&quot;flex&quot;}\">\n\t\t\t\t<div class=\"elementor-element elementor-element-aa74856 elementor-widget elementor-widget-text-editor\" data-id=\"aa74856\" data-element_type=\"widget\" data-widget_type=\"text-editor.default\">\n\t\t\t\t<div class=\"elementor-widget-container\">\n\t\t\t\t\t\t\tLe projet a vu le jour en 2023, lorsqu&#039;un groupe de professionnels francophones des secteurs de l&#039;audiovisuel et du spectacle vivant en Espagne a commenc\u00e9 \u00e0 \u00e9changer des points de vue, des exp\u00e9riences et des ressources. De cette initiative spontan\u00e9e est n\u00e9 un compte Instagram, o\u00f9 chaque acteur et actrice b\u00e9n\u00e9ficie d&#039;une publication personnalis\u00e9e servant de pr\u00e9sentation.<br><br>\n\nLa communaut\u00e9 grandit rapidement et rassemble des talents de toute l&#039;Espagne. Le compte devient insuffisant et une id\u00e9e \u00e9merge\u00a0: cr\u00e9er un site web, financ\u00e9 par la communaut\u00e9 elle-m\u00eame, qui facilite le recrutement d&#039;interpr\u00e8tes professionnels francophones en Espagne.\n<br><br>\nEn 2024, la conception du site web a d\u00e9but\u00e9, men\u00e9e par une \u00e9quipe de b\u00e9n\u00e9voles et soutenue par plusieurs directeurs de casting\u00a0: Silvia Men\u00e9ndez, Luci Lenox, Edu Prado et Pep Armengol. Parall\u00e8lement, l\u2019Association des acteurs francophones d\u2019Espagne a \u00e9t\u00e9 officiellement cr\u00e9\u00e9e afin de structurer et d\u2019assurer la p\u00e9rennit\u00e9 de l\u2019initiative.\n<br><br>\nLe site web sera lanc\u00e9 en 2025. Il s&#039;agit d&#039;une plateforme publique destin\u00e9e aux professionnels du secteur (directeurs de casting, agences, soci\u00e9t\u00e9s de production) qui permettra d&#039;acc\u00e9der directement au profil personnalis\u00e9 de chaque membre, incluant ses coordonn\u00e9es. La plateforme n&#039;agit pas comme une agence\u00a0: tout contact se fait directement avec les talents ou leurs repr\u00e9sentants.\n<br><br>\n\u00c0 partir de l\u00e0, des collaborations et des \u00e9v\u00e9nements seront planifi\u00e9s dans le but de cr\u00e9er des ponts entre le secteur audiovisuel espagnol et les professionnels francophones, consolidant ainsi un r\u00e9seau actif, visible et en constante \u00e9volution.\t\t\t\t\t\t<\/div>\n\t\t\t\t<\/div>\n\t\t\t\t<\/div>\n\t\t\t\t\t<\/details>\n\t\t\t\t\t\t<details id=\"e-n-accordion-item-1823\" class=\"e-n-accordion-item\" >\n\t\t\t\t<summary class=\"e-n-accordion-item-title\" role=\"button\" data-accordion-index=\"4\" tabindex=\"-1\" aria-expanded=\"false\" aria-controls=\"e-n-accordion-item-1823\" >\n\t\t\t\t\t<span class='e-n-accordion-item-title-header'><div class=\"e-n-accordion-item-title-text\"> L&#039;Association <\/div><\/span>\n\t\t\t\t\t\t\t<span class='e-n-accordion-item-title-icon'>\n\t\t\t<span class='e-opened' ><i aria-hidden=\"true\" class=\"fas fa-minus\"><\/i><\/span>\n\t\t\t<span class='e-closed'><i aria-hidden=\"true\" class=\"fas fa-plus\"><\/i><\/span>\n\t\t<\/span>\n\n\t\t\t\t\t\t<\/summary>\n\t\t\t\t<div role=\"region\" aria-labelledby=\"e-n-accordion-item-1823\" class=\"elementor-element elementor-element-fc7531d e-con-full e-flex e-con e-child\" data-id=\"fc7531d\" data-element_type=\"container\" data-settings=\"{&quot;content_width&quot;:&quot;full&quot;,&quot;container_type&quot;:&quot;flex&quot;}\">\n\t\t\t\t<div class=\"elementor-element elementor-element-2f0cc04 elementor-widget elementor-widget-text-editor\" data-id=\"2f0cc04\" data-element_type=\"widget\" data-widget_type=\"text-editor.default\">\n\t\t\t\t<div class=\"elementor-widget-container\">\n\t\t\t\t\t\t\t<p>Afin de fournir un cadre juridique au projet et de faciliter l&#039;organisation d&#039;actions et d&#039;\u00e9v\u00e9nements futurs, en 2024 <strong>Association des acteurs francophones en Espagne<\/strong> (AAFE). <br \/><br \/>Cette association \u00e0 but non lucratif a \u00e9t\u00e9 cr\u00e9\u00e9e dans le but de mettre en valeur les talents professionnels francophones du secteur audiovisuel pr\u00e9sents en Espagne, sans avoir l&#039;intention d&#039;agir comme une agence ou de repr\u00e9senter ses membres individuellement.<br \/><br \/><\/p><p>Le conseil d&#039;administration actuel est compos\u00e9 de Lisa Milet (pr\u00e9sidente), Arnau Redorta (vice-pr\u00e9sident), Chap Rodr\u00edguez (secr\u00e9taire), Vincent-Gr\u00e9goire Wu (tr\u00e9sorier) et Nathalie Meyer (membre).<\/p><p>L\u2019AAFE se consolide ainsi comme un outil collectif au service de ses membres, afin de promouvoir de nouvelles dynamiques de collaboration, de visibilit\u00e9 et d\u2019action au sein de l\u2019\u00e9cosyst\u00e8me professionnel.<\/p>\t\t\t\t\t\t<\/div>\n\t\t\t\t<\/div>\n\t\t\t\t<\/div>\n\t\t\t\t\t<\/details>\n\t\t\t\t\t<\/div>\n\t\t\t\t<\/div>\n\t\t\t\t<\/div>\n\t\t\t\t<\/div>\n\t\t<div class=\"elementor-element elementor-element-41beb2b e-con-full e-flex e-con e-child\" data-id=\"41beb2b\" data-element_type=\"container\" data-settings=\"{&quot;content_width&quot;:&quot;full&quot;,&quot;container_type&quot;:&quot;flex&quot;}\">\n\t\t\t\t<div class=\"elementor-element elementor-element-756f1f3 elementor-widget elementor-widget-image\" data-id=\"756f1f3\" data-element_type=\"widget\" data-widget_type=\"image.default\">\n\t\t\t\t<div class=\"elementor-widget-container\">\n\t\t\t<style>\/*! elementor - v3.17.0 - 08-11-2023 *\/\n.elementor-widget-image{text-align:center}.elementor-widget-image a{display:inline-block}.elementor-widget-image a img[src$=\".svg\"]{width:48px}.elementor-widget-image img{vertical-align:middle;display:inline-block}<\/style>\t\t\t\t\t\t\t\t\t\t\t\t<img fetchpriority=\"high\" decoding=\"async\" width=\"2560\" height=\"2560\" src=\"https:\/\/actoresfrancofonos.com\/wp-content\/uploads\/2026\/01\/Quienes-Somos-scaled.jpg\" class=\"attachment-full size-full wp-image-630\" alt=\"\" srcset=\"https:\/\/actoresfrancofonos.com\/wp-content\/uploads\/2026\/01\/Quienes-Somos-scaled.jpg 2560w, https:\/\/actoresfrancofonos.com\/wp-content\/uploads\/2026\/01\/Quienes-Somos-300x300.jpg 300w, https:\/\/actoresfrancofonos.com\/wp-content\/uploads\/2026\/01\/Quienes-Somos-1024x1024.jpg 1024w, https:\/\/actoresfrancofonos.com\/wp-content\/uploads\/2026\/01\/Quienes-Somos-150x150.jpg 150w, https:\/\/actoresfrancofonos.com\/wp-content\/uploads\/2026\/01\/Quienes-Somos-768x768.jpg 768w, https:\/\/actoresfrancofonos.com\/wp-content\/uploads\/2026\/01\/Quienes-Somos-1536x1536.jpg 1536w, https:\/\/actoresfrancofonos.com\/wp-content\/uploads\/2026\/01\/Quienes-Somos-2048x2048.jpg 2048w\" sizes=\"(max-width: 2560px) 100vw, 2560px\" \/>\t\t\t\t\t\t\t\t\t\t\t\t\t\t\t<\/div>\n\t\t\t\t<\/div>\n\t\t\t\t<\/div>\n\t\t\t\t<\/div>\n\t\t\t\t\t\t\t<\/div>","protected":false},"excerpt":{"rendered":"<p>Qui sommes-nous\u00a0? Comment l\u2019AAFE a-t-elle \u00e9t\u00e9 fond\u00e9e\u00a0? L\u2019Association des acteurs francophones d\u2019Espagne (AAFE) a \u00e9t\u00e9 fond\u00e9e en 2022 \u00e0 partir d\u2019un groupe de discussion r\u00e9unissant des acteurs, actrices et autres professionnels francophones des secteurs de l\u2019audiovisuel et du spectacle vivant bas\u00e9s \u00e0 Barcelone. Port\u00e9e par l\u2019actrice Lisa Milet, cette initiative vise \u00e0 cr\u00e9er un r\u00e9seau solide de [\u2026]<\/p>","protected":false},"author":1,"featured_media":0,"parent":0,"menu_order":0,"comment_status":"closed","ping_status":"closed","template":"","meta":{"footnotes":""},"class_list":["post-61","page","type-page","status-publish","hentry"],"_links":{"self":[{"href":"https:\/\/actoresfrancofonos.com\/fr\/wp-json\/wp\/v2\/pages\/61","targetHints":{"allow":["GET"]}}],"collection":[{"href":"https:\/\/actoresfrancofonos.com\/fr\/wp-json\/wp\/v2\/pages"}],"about":[{"href":"https:\/\/actoresfrancofonos.com\/fr\/wp-json\/wp\/v2\/types\/page"}],"author":[{"embeddable":true,"href":"https:\/\/actoresfrancofonos.com\/fr\/wp-json\/wp\/v2\/users\/1"}],"replies":[{"embeddable":true,"href":"https:\/\/actoresfrancofonos.com\/fr\/wp-json\/wp\/v2\/comments?post=61"}],"version-history":[{"count":5,"href":"https:\/\/actoresfrancofonos.com\/fr\/wp-json\/wp\/v2\/pages\/61\/revisions"}],"predecessor-version":[{"id":763,"href":"https:\/\/actoresfrancofonos.com\/fr\/wp-json\/wp\/v2\/pages\/61\/revisions\/763"}],"wp:attachment":[{"href":"https:\/\/actoresfrancofonos.com\/fr\/wp-json\/wp\/v2\/media?parent=61"}],"curies":[{"name":"wp","href":"https:\/\/api.w.org\/{rel}","templated":true}]}}