{"id":65,"date":"2025-12-29T17:03:21","date_gmt":"2025-12-29T17:03:21","guid":{"rendered":"https:\/\/actoresfrancofonos.com\/?page_id=65"},"modified":"2026-01-14T21:15:52","modified_gmt":"2026-01-14T21:15:52","slug":"inicio","status":"publish","type":"page","link":"https:\/\/actoresfrancofonos.com\/fr\/","title":{"rendered":"Commencer"},"content":{"rendered":"<div data-elementor-type=\"wp-page\" data-elementor-id=\"65\" class=\"elementor elementor-65\" data-elementor-post-type=\"page\">\n\t\t\t\t\t\t\t<div class=\"elementor-element elementor-element-b0e315a e-con-full e-flex e-con e-parent\" data-id=\"b0e315a\" data-element_type=\"container\" data-settings=\"{&quot;content_width&quot;:&quot;full&quot;,&quot;container_type&quot;:&quot;flex&quot;}\" data-core-v316-plus=\"true\">\n\t\t\t\t<div class=\"elementor-element elementor-element-851030a bdt-ps-blur-effect--yes elementor-widget elementor-widget-prime-slider-dragon\" data-id=\"851030a\" data-element_type=\"widget\" data-widget_type=\"prime-slider-dragon.default\">\n\t\t\t\t<div class=\"elementor-widget-container\">\n\t\t\t\t\t<div class=\"bdt-prime-slider\">\n\t\t\t<div class=\"bdt-prime-slider-dragon\">\n\t\t\t\t<div class=\"bdt-position-relative bdt-visible-toggle\" data-settings=\"{&quot;id&quot;:&quot;#bdt-851030a&quot;,&quot;animation_status&quot;:&quot;no&quot;}\" id=\"bdt-851030a\" bdt-slideshow=\"{&quot;animation&quot;:&quot;fade&quot;,&quot;ratio&quot;:&quot;16:9&quot;,&quot;min-height&quot;:&quot;440&quot;,&quot;autoplay&quot;:true,&quot;autoplay-interval&quot;:8000,&quot;pause-on-hover&quot;:false,&quot;velocity&quot;:1,&quot;finite&quot;:false}\">\n\t\t\t\t\t<ul class=\"bdt-slideshow-items\">\n\t\t\t\t\t\t\t\t<li class=\"bdt-slideshow-item bdt-flex bdt-flex-middle elementor-repeater-item-9184494\">\n\n\t\t\t<div class=\"bdt-ps-dragon-bg\">\n\t\t\t\t\n\t\t\t\t\t\t<div class=\"bdt-ps-slide-img\"\n\t\t\t\t\t\t\tstyle=\"background-image: url('https:\/\/actoresfrancofonos.com\/wp-content\/uploads\/2026\/01\/01-Ficcion-V02V01.jpg')\"><\/div>\n\n\t\t\t\t\t\t\t\t\t<\/div>\n\n\t\t\t<div class=\"bdt-ps-dragon-slide-image\">\n\t\t\t\t\n\t\t\t\t\t\t<div class=\"bdt-ps-slide-img\"\n\t\t\t\t\t\t\tstyle=\"background-image: url('https:\/\/actoresfrancofonos.com\/wp-content\/uploads\/2026\/01\/01-Ficcion-V02V01.jpg')\"><\/div>\n\n\t\t\t\t\t\t\t\t\t<\/div>\n\n\t\t\t\t\t\t\n\t\t\t\t\t<div class=\"bdt-prime-slider-wrapper\">\n\t\t\t<div class=\"bdt-prime-slider-content\">\n\n\t\t\t\t\t\t\t\t\t<div class=\"bdt-sub-title\">\n\n\t\t\t\t\t\t<h4 class=\"bdt-sub-title-inner\" data-bdt-slideshow-parallax=\"x: 100,-100; opacity: 1,1,0\" data-reveal=\"reveal-active\">\n                            TALENTS FRANCOPHONES                        <\/h4>\n\n\t\t\t\t\t<\/div>\n\t\t\t\t\n\t\t\t\t\t\t\t\t\t<div class=\"bdt-main-title\">\n\t\t\t\t\t\t<h1 class=\"bdt-title-tag\" data-bdt-slideshow-parallax=\"x: 200,-200; opacity: 1,1,0\"  data-reveal=\"reveal-active\">\n\t\t\t\t\t\t\t\t\t\t\t\t\t\t\t<span class=\"frist-word\">ASSOCIATION<\/span> ACTEURS FRANCOPHONES EN ESPAGNE (AAFE)\t\t\t\t\t\t\t\t\t\t\t\t\t\t<\/h1>\n\t\t\t\t\t<\/div>\n\t\t\t\t\n\t\t\t\t\t\t\t\t\t<div class=\"bdt-slider-excerpt\" data-reveal=\"reveal-active\" data-bdt-slideshow-parallax=\"x: 300,-300; opacity: 1,1,0\">\n\t\t\t\t\t\t<p>FICTION<\/p>\t\t\t\t\t<\/div>\n\t\t\t\t\n\t\t\t\t<div data-bdt-slideshow-parallax=\"x: 400,-400; opacity: 1,1,0\">\n\t\t\t\t\t\n\t\t\n\t\t\t<a href=\"https:\/\/actoresfrancofonos.com\/fr\/talents\/\" class=\"bdt-ps-dragon-button reveal-muted\">\n\n\t\t\t\t\t\t\t\t\n\t\t\t\t<div class=\"bdt-ps-button\">\n\t\t\t\t\t<div class=\"bdt-ps-button-text\">Rechercher maintenant<\/div>\n\t\t\t\t\t\n\t\t\t\t\t<div class=\"bdt-ps-button-wrapper\">\n\t\t\t\t\t\t<div class=\"bdt-ps-button-arrow\"><\/div>\n\t\t\t\t\t\t<div class=\"bdt-ps-button-border-circle\"><\/div>\n\t\t\t\t\t\t<div class=\"bdt-ps-button-mask-circle\">\n\t\t\t\t\t\t<div class=\"bdt-ps-button-small-circle\"><\/div>\n\t\t\t\t\t\t<\/div>\n\t\t\t\t\t<\/div>\n\t\t\t\t<\/div>\n\n\t\t\t<\/a>\n\t\t\t\t\t\t<\/div>\n\t\t\t\t\t\n\t\t\t<\/div>\n\t\t<\/div>\n        \n\t\t<\/li>\n        \t\t<li class=\"bdt-slideshow-item bdt-flex bdt-flex-middle elementor-repeater-item-4ac3a0c\">\n\n\t\t\t<div class=\"bdt-ps-dragon-bg\">\n\t\t\t\t\n\t\t\t\t\t\t<div class=\"bdt-ps-slide-img\"\n\t\t\t\t\t\t\tstyle=\"background-image: url('https:\/\/actoresfrancofonos.com\/wp-content\/uploads\/2025\/12\/talented-person-producing-music-home-studio-scaled.jpg')\"><\/div>\n\n\t\t\t\t\t\t\t\t\t<\/div>\n\n\t\t\t<div class=\"bdt-ps-dragon-slide-image\">\n\t\t\t\t\n\t\t\t\t\t\t<div class=\"bdt-ps-slide-img\"\n\t\t\t\t\t\t\tstyle=\"background-image: url('https:\/\/actoresfrancofonos.com\/wp-content\/uploads\/2025\/12\/talented-person-producing-music-home-studio-scaled.jpg')\"><\/div>\n\n\t\t\t\t\t\t\t\t\t<\/div>\n\n\t\t\t\t\t\t\n\t\t\t\t\t<div class=\"bdt-prime-slider-wrapper\">\n\t\t\t<div class=\"bdt-prime-slider-content\">\n\n\t\t\t\t\t\t\t\t\t<div class=\"bdt-sub-title\">\n\n\t\t\t\t\t\t<h4 class=\"bdt-sub-title-inner\" data-bdt-slideshow-parallax=\"x: 100,-100; opacity: 1,1,0\" data-reveal=\"reveal-active\">\n                            TALENTS FRANCOPHONES                        <\/h4>\n\n\t\t\t\t\t<\/div>\n\t\t\t\t\n\t\t\t\t\t\t\t\t\t<div class=\"bdt-main-title\">\n\t\t\t\t\t\t<h1 class=\"bdt-title-tag\" data-bdt-slideshow-parallax=\"x: 200,-200; opacity: 1,1,0\"  data-reveal=\"reveal-active\">\n\t\t\t\t\t\t\t\t\t\t\t\t\t\t\t<span class=\"frist-word\">ASSOCIATION<\/span> ACTEURS FRANCOPHONES EN ESPAGNE (AAFE)\t\t\t\t\t\t\t\t\t\t\t\t\t\t<\/h1>\n\t\t\t\t\t<\/div>\n\t\t\t\t\n\t\t\t\t\t\t\t\t\t<div class=\"bdt-slider-excerpt\" data-reveal=\"reveal-active\" data-bdt-slideshow-parallax=\"x: 300,-300; opacity: 1,1,0\">\n\t\t\t\t\t\t<p>DOUBLAGE ET VOIX OFF<\/p>\t\t\t\t\t<\/div>\n\t\t\t\t\n\t\t\t\t<div data-bdt-slideshow-parallax=\"x: 400,-400; opacity: 1,1,0\">\n\t\t\t\t\t\n\t\t\n\t\t\t<a href=\"https:\/\/actoresfrancofonos.com\/fr\/talents\/\" class=\"bdt-ps-dragon-button reveal-muted\">\n\n\t\t\t\t\t\t\t\t\n\t\t\t\t<div class=\"bdt-ps-button\">\n\t\t\t\t\t<div class=\"bdt-ps-button-text\">Rechercher maintenant<\/div>\n\t\t\t\t\t\n\t\t\t\t\t<div class=\"bdt-ps-button-wrapper\">\n\t\t\t\t\t\t<div class=\"bdt-ps-button-arrow\"><\/div>\n\t\t\t\t\t\t<div class=\"bdt-ps-button-border-circle\"><\/div>\n\t\t\t\t\t\t<div class=\"bdt-ps-button-mask-circle\">\n\t\t\t\t\t\t<div class=\"bdt-ps-button-small-circle\"><\/div>\n\t\t\t\t\t\t<\/div>\n\t\t\t\t\t<\/div>\n\t\t\t\t<\/div>\n\n\t\t\t<\/a>\n\t\t\t\t\t\t<\/div>\n\t\t\t\t\t\n\t\t\t<\/div>\n\t\t<\/div>\n        \n\t\t<\/li>\n        \t\t<li class=\"bdt-slideshow-item bdt-flex bdt-flex-middle elementor-repeater-item-5807c10\">\n\n\t\t\t<div class=\"bdt-ps-dragon-bg\">\n\t\t\t\t\n\t\t\t\t\t\t<div class=\"bdt-ps-slide-img\"\n\t\t\t\t\t\t\tstyle=\"background-image: url('https:\/\/actoresfrancofonos.com\/wp-content\/uploads\/2025\/12\/pexels-468684-ink-1117962645-20898292.jpg')\"><\/div>\n\n\t\t\t\t\t\t\t\t\t<\/div>\n\n\t\t\t<div class=\"bdt-ps-dragon-slide-image\">\n\t\t\t\t\n\t\t\t\t\t\t<div class=\"bdt-ps-slide-img\"\n\t\t\t\t\t\t\tstyle=\"background-image: url('https:\/\/actoresfrancofonos.com\/wp-content\/uploads\/2025\/12\/pexels-468684-ink-1117962645-20898292.jpg')\"><\/div>\n\n\t\t\t\t\t\t\t\t\t<\/div>\n\n\t\t\t\t\t\t\n\t\t\t\t\t<div class=\"bdt-prime-slider-wrapper\">\n\t\t\t<div class=\"bdt-prime-slider-content\">\n\n\t\t\t\t\t\t\t\t\t<div class=\"bdt-sub-title\">\n\n\t\t\t\t\t\t<h4 class=\"bdt-sub-title-inner\" data-bdt-slideshow-parallax=\"x: 100,-100; opacity: 1,1,0\" data-reveal=\"reveal-active\">\n                            TALENTS FRANCOPHONES                        <\/h4>\n\n\t\t\t\t\t<\/div>\n\t\t\t\t\n\t\t\t\t\t\t\t\t\t<div class=\"bdt-main-title\">\n\t\t\t\t\t\t<h1 class=\"bdt-title-tag\" data-bdt-slideshow-parallax=\"x: 200,-200; opacity: 1,1,0\"  data-reveal=\"reveal-active\">\n\t\t\t\t\t\t\t\t\t\t\t\t\t\t\t<span class=\"frist-word\">ASSOCIATION<\/span> ACTEURS FRANCOPHONES EN ESPAGNE (AAFE)\t\t\t\t\t\t\t\t\t\t\t\t\t\t<\/h1>\n\t\t\t\t\t<\/div>\n\t\t\t\t\n\t\t\t\t\t\t\t\t\t<div class=\"bdt-slider-excerpt\" data-reveal=\"reveal-active\" data-bdt-slideshow-parallax=\"x: 300,-300; opacity: 1,1,0\">\n\t\t\t\t\t\t<p>TH\u00c9\u00c2TRE<\/p>\t\t\t\t\t<\/div>\n\t\t\t\t\n\t\t\t\t<div data-bdt-slideshow-parallax=\"x: 400,-400; opacity: 1,1,0\">\n\t\t\t\t\t\n\t\t\n\t\t\t<a href=\"https:\/\/actoresfrancofonos.com\/fr\/talents\/\" class=\"bdt-ps-dragon-button reveal-muted\">\n\n\t\t\t\t\t\t\t\t\n\t\t\t\t<div class=\"bdt-ps-button\">\n\t\t\t\t\t<div class=\"bdt-ps-button-text\">Rechercher maintenant<\/div>\n\t\t\t\t\t\n\t\t\t\t\t<div class=\"bdt-ps-button-wrapper\">\n\t\t\t\t\t\t<div class=\"bdt-ps-button-arrow\"><\/div>\n\t\t\t\t\t\t<div class=\"bdt-ps-button-border-circle\"><\/div>\n\t\t\t\t\t\t<div class=\"bdt-ps-button-mask-circle\">\n\t\t\t\t\t\t<div class=\"bdt-ps-button-small-circle\"><\/div>\n\t\t\t\t\t\t<\/div>\n\t\t\t\t\t<\/div>\n\t\t\t\t<\/div>\n\n\t\t\t<\/a>\n\t\t\t\t\t\t<\/div>\n\t\t\t\t\t\n\t\t\t<\/div>\n\t\t<\/div>\n        \n\t\t<\/li>\n        \t\t<li class=\"bdt-slideshow-item bdt-flex bdt-flex-middle elementor-repeater-item-8110550\">\n\n\t\t\t<div class=\"bdt-ps-dragon-bg\">\n\t\t\t\t\n\t\t\t\t\t\t<div class=\"bdt-ps-slide-img\"\n\t\t\t\t\t\t\tstyle=\"background-image: url('https:\/\/actoresfrancofonos.com\/wp-content\/uploads\/2025\/12\/blurry-young-woman-showing-sports-exercises-1-scaled.jpg')\"><\/div>\n\n\t\t\t\t\t\t\t\t\t<\/div>\n\n\t\t\t<div class=\"bdt-ps-dragon-slide-image\">\n\t\t\t\t\n\t\t\t\t\t\t<div class=\"bdt-ps-slide-img\"\n\t\t\t\t\t\t\tstyle=\"background-image: url('https:\/\/actoresfrancofonos.com\/wp-content\/uploads\/2025\/12\/blurry-young-woman-showing-sports-exercises-1-scaled.jpg')\"><\/div>\n\n\t\t\t\t\t\t\t\t\t<\/div>\n\n\t\t\t\t\t\t\n\t\t\t\t\t<div class=\"bdt-prime-slider-wrapper\">\n\t\t\t<div class=\"bdt-prime-slider-content\">\n\n\t\t\t\t\t\t\t\t\t<div class=\"bdt-sub-title\">\n\n\t\t\t\t\t\t<h4 class=\"bdt-sub-title-inner\" data-bdt-slideshow-parallax=\"x: 100,-100; opacity: 1,1,0\" data-reveal=\"reveal-active\">\n                            TALENTS FRANCOPHONES                        <\/h4>\n\n\t\t\t\t\t<\/div>\n\t\t\t\t\n\t\t\t\t\t\t\t\t\t<div class=\"bdt-main-title\">\n\t\t\t\t\t\t<h1 class=\"bdt-title-tag\" data-bdt-slideshow-parallax=\"x: 200,-200; opacity: 1,1,0\"  data-reveal=\"reveal-active\">\n\t\t\t\t\t\t\t\t\t\t\t\t\t\t\t<span class=\"frist-word\">ASSOCIATION<\/span> ACTEURS FRANCOPHONES EN ESPAGNE (AAFE)\t\t\t\t\t\t\t\t\t\t\t\t\t\t<\/h1>\n\t\t\t\t\t<\/div>\n\t\t\t\t\n\t\t\t\t\t\t\t\t\t<div class=\"bdt-slider-excerpt\" data-reveal=\"reveal-active\" data-bdt-slideshow-parallax=\"x: 300,-300; opacity: 1,1,0\">\n\t\t\t\t\t\t<p>PUBLICIT\u00c9<\/p>\t\t\t\t\t<\/div>\n\t\t\t\t\n\t\t\t\t<div data-bdt-slideshow-parallax=\"x: 400,-400; opacity: 1,1,0\">\n\t\t\t\t\t\n\t\t\n\t\t\t<a href=\"https:\/\/actoresfrancofonos.com\/fr\/talents\/\" class=\"bdt-ps-dragon-button reveal-muted\">\n\n\t\t\t\t\t\t\t\t\n\t\t\t\t<div class=\"bdt-ps-button\">\n\t\t\t\t\t<div class=\"bdt-ps-button-text\">Rechercher maintenant<\/div>\n\t\t\t\t\t\n\t\t\t\t\t<div class=\"bdt-ps-button-wrapper\">\n\t\t\t\t\t\t<div class=\"bdt-ps-button-arrow\"><\/div>\n\t\t\t\t\t\t<div class=\"bdt-ps-button-border-circle\"><\/div>\n\t\t\t\t\t\t<div class=\"bdt-ps-button-mask-circle\">\n\t\t\t\t\t\t<div class=\"bdt-ps-button-small-circle\"><\/div>\n\t\t\t\t\t\t<\/div>\n\t\t\t\t\t<\/div>\n\t\t\t\t<\/div>\n\n\t\t\t<\/a>\n\t\t\t\t\t\t<\/div>\n\t\t\t\t\t\n\t\t\t<\/div>\n\t\t<\/div>\n        \n\t\t<\/li>\n        \n\t\t\t\t\t<\/ul>\n\n\t\t\t\t\t            \n        \t\t\t\t\t\n\t\t\t\t<\/div>\n\t\t\t\t\t\t\t<\/div>\n\t\t<\/div>\n        \t\t<\/div>\n\t\t\t\t<\/div>\n\t\t\t\t<\/div>\n\t\t\t\t\t\t\t<\/div>","protected":false},"excerpt":{"rendered":"<p>Association des acteurs francophones d&#039;Espagne (AAFE) - Recherche de fictions Association des acteurs francophones d&#039;Espagne (AAFE) - Recherche de doublages Association des acteurs francophones d&#039;Espagne (AAFE) - Recherche de th\u00e9\u00e2tre Association des acteurs francophones d&#039;Espagne (AAFE) - Recherche de publicit\u00e9s<\/p>","protected":false},"author":1,"featured_media":0,"parent":0,"menu_order":0,"comment_status":"closed","ping_status":"closed","template":"","meta":{"footnotes":""},"class_list":["post-65","page","type-page","status-publish","hentry"],"_links":{"self":[{"href":"https:\/\/actoresfrancofonos.com\/fr\/wp-json\/wp\/v2\/pages\/65","targetHints":{"allow":["GET"]}}],"collection":[{"href":"https:\/\/actoresfrancofonos.com\/fr\/wp-json\/wp\/v2\/pages"}],"about":[{"href":"https:\/\/actoresfrancofonos.com\/fr\/wp-json\/wp\/v2\/types\/page"}],"author":[{"embeddable":true,"href":"https:\/\/actoresfrancofonos.com\/fr\/wp-json\/wp\/v2\/users\/1"}],"replies":[{"embeddable":true,"href":"https:\/\/actoresfrancofonos.com\/fr\/wp-json\/wp\/v2\/comments?post=65"}],"version-history":[{"count":5,"href":"https:\/\/actoresfrancofonos.com\/fr\/wp-json\/wp\/v2\/pages\/65\/revisions"}],"predecessor-version":[{"id":811,"href":"https:\/\/actoresfrancofonos.com\/fr\/wp-json\/wp\/v2\/pages\/65\/revisions\/811"}],"wp:attachment":[{"href":"https:\/\/actoresfrancofonos.com\/fr\/wp-json\/wp\/v2\/media?parent=65"}],"curies":[{"name":"wp","href":"https:\/\/api.w.org\/{rel}","templated":true}]}}